{"id":16616,"date":"2021-04-20T00:20:05","date_gmt":"2021-04-20T05:20:05","guid":{"rendered":"http:\/\/119.8.7.19\/masterprom\/producto\/al-5558r\/"},"modified":"2021-04-22T09:41:30","modified_gmt":"2021-04-22T14:41:30","slug":"al-5558r","status":"publish","type":"product","link":"http:\/\/119.8.7.19\/masterprom\/producto\/al-5558r\/","title":{"rendered":"AL 5558R"},"content":{"rendered":"<p>Bol\u00edgrafo met\u00e1lico con acabado rubber y goma \u00f3ptica touch screen.<\/p>\n","protected":false},"excerpt":{"rendered":"<p>Bol\u00edgrafo met\u00e1lico con acabado rubber y goma \u00f3ptica touch screen.<\/p>\n","protected":false},"featured_media":18548,"comment_status":"closed","ping_status":"closed","template":"","meta":[],"class_list":["post-16616","product","type-product","status-publish","has-post-thumbnail","hentry","product_cat-boligrafos-metalicos","product_cat-escritura","product_tag-4-promotional"],"_links":{"self":[{"href":"http:\/\/119.8.7.19\/masterprom\/wp-json\/wp\/v2\/product\/16616","targetHints":{"allow":["GET"]}}],"collection":[{"href":"http:\/\/119.8.7.19\/masterprom\/wp-json\/wp\/v2\/product"}],"about":[{"href":"http:\/\/119.8.7.19\/masterprom\/wp-json\/wp\/v2\/types\/product"}],"replies":[{"embeddable":true,"href":"http:\/\/119.8.7.19\/masterprom\/wp-json\/wp\/v2\/comments?post=16616"}],"wp:featuredmedia":[{"embeddable":true,"href":"http:\/\/119.8.7.19\/masterprom\/wp-json\/wp\/v2\/media\/18548"}],"wp:attachment":[{"href":"http:\/\/119.8.7.19\/masterprom\/wp-json\/wp\/v2\/media?parent=16616"}],"curies":[{"name":"wp","href":"https:\/\/api.w.org\/{rel}","templated":true}]}}