{"id":16606,"date":"2021-04-20T00:20:02","date_gmt":"2021-04-20T05:20:02","guid":{"rendered":"http:\/\/119.8.7.19\/masterprom\/producto\/sh-2005\/"},"modified":"2021-04-20T00:20:04","modified_gmt":"2021-04-20T05:20:04","slug":"sh-2005","status":"publish","type":"product","link":"http:\/\/119.8.7.19\/masterprom\/producto\/sh-2005\/","title":{"rendered":"SH-2005"},"content":{"rendered":"<p>Bol\u00edgrafo profession (bol\u00edgrafo con figura en el tap\u00f3n.)<\/p>\n","protected":false},"excerpt":{"rendered":"<p>Bol\u00edgrafo profession (bol\u00edgrafo con figura en el tap\u00f3n.)<\/p>\n","protected":false},"featured_media":0,"comment_status":"closed","ping_status":"open","template":"","meta":[],"class_list":["post-16606","product","type-product","status-publish","hentry","product_cat-boligrafos-plastico","product_cat-escritura","product_tag-promoopcion"],"_links":{"self":[{"href":"http:\/\/119.8.7.19\/masterprom\/wp-json\/wp\/v2\/product\/16606","targetHints":{"allow":["GET"]}}],"collection":[{"href":"http:\/\/119.8.7.19\/masterprom\/wp-json\/wp\/v2\/product"}],"about":[{"href":"http:\/\/119.8.7.19\/masterprom\/wp-json\/wp\/v2\/types\/product"}],"replies":[{"embeddable":true,"href":"http:\/\/119.8.7.19\/masterprom\/wp-json\/wp\/v2\/comments?post=16606"}],"wp:attachment":[{"href":"http:\/\/119.8.7.19\/masterprom\/wp-json\/wp\/v2\/media?parent=16606"}],"curies":[{"name":"wp","href":"https:\/\/api.w.org\/{rel}","templated":true}]}}