{"id":16568,"date":"2021-04-20T00:19:54","date_gmt":"2021-04-20T05:19:54","guid":{"rendered":"http:\/\/119.8.7.19\/masterprom\/producto\/twi-sol\/"},"modified":"2021-04-20T00:19:57","modified_gmt":"2021-04-20T05:19:57","slug":"twi-sol","status":"publish","type":"product","link":"http:\/\/119.8.7.19\/masterprom\/producto\/twi-sol\/","title":{"rendered":"TWI-SOL"},"content":{"rendered":"<p>Bol\u00edgrafo de pl\u00e1stico en colores transl\u00facidos. Cuenta con un grip para mayor comodidad en la escritura. Mecanismo de Giro con doble funci\u00f3n, Tinta negra y Tinta Roja.<\/p>\n","protected":false},"excerpt":{"rendered":"<p>Bol\u00edgrafo de pl\u00e1stico en colores transl\u00facidos. Cuenta con un grip para mayor comodidad en la escritura. Mecanismo de Giro con doble funci\u00f3n, Tinta negra y Tinta Roja.<\/p>\n","protected":false},"featured_media":0,"comment_status":"closed","ping_status":"open","template":"","meta":[],"class_list":["post-16568","product","type-product","status-publish","hentry","product_cat-boligrafos-plastico","product_cat-escritura","product_tag-g4"],"_links":{"self":[{"href":"http:\/\/119.8.7.19\/masterprom\/wp-json\/wp\/v2\/product\/16568","targetHints":{"allow":["GET"]}}],"collection":[{"href":"http:\/\/119.8.7.19\/masterprom\/wp-json\/wp\/v2\/product"}],"about":[{"href":"http:\/\/119.8.7.19\/masterprom\/wp-json\/wp\/v2\/types\/product"}],"replies":[{"embeddable":true,"href":"http:\/\/119.8.7.19\/masterprom\/wp-json\/wp\/v2\/comments?post=16568"}],"wp:attachment":[{"href":"http:\/\/119.8.7.19\/masterprom\/wp-json\/wp\/v2\/media?parent=16568"}],"curies":[{"name":"wp","href":"https:\/\/api.w.org\/{rel}","templated":true}]}}