{"id":16567,"date":"2021-04-20T00:19:54","date_gmt":"2021-04-20T05:19:54","guid":{"rendered":"http:\/\/119.8.7.19\/masterprom\/producto\/pre-fue\/"},"modified":"2021-04-20T00:19:57","modified_gmt":"2021-04-20T05:19:57","slug":"pre-fue","status":"publish","type":"product","link":"http:\/\/119.8.7.19\/masterprom\/producto\/pre-fue\/","title":{"rendered":"PRE-FUE"},"content":{"rendered":"<p>Pluma fuente de prestigiosa marca japonesa PLATINUM. Construida en pl\u00e1stico transparente que permite ver todos los componentes. Plum\u00edn de acero con grosor de trazo de 0,30 mil\u00edmetros. Tap\u00f3n con<br \/>\ncierre a presi\u00f3n. Disponible con tinta negra y azul. Incluye 2 cartuchos de tinta y un breve instructivo de 4 pasos para hacer el cambio de \u00e9ste cuando sea necesario. Se entrega en estuche individual de pl\u00e1stico transparente.<\/p>\n","protected":false},"excerpt":{"rendered":"<p>Pluma fuente de prestigiosa marca japonesa PLATINUM. Construida en pl\u00e1stico transparente que permite ver todos los componentes. Plum\u00edn de acero con grosor de trazo de 0,30 mil\u00edmetros. Tap\u00f3n con<br \/>\ncierre a presi\u00f3n. Disponible con tinta negra y azul. Incluye 2 cartuchos de tinta y un breve instructivo de 4 pasos para hacer el cambio de \u00e9ste cuando sea necesario. Se entrega en estuche individual de pl\u00e1stico transparente.<\/p>\n","protected":false},"featured_media":0,"comment_status":"closed","ping_status":"open","template":"","meta":[],"class_list":["post-16567","product","type-product","status-publish","hentry","product_cat-boligrafos-plastico","product_cat-escritura","product_tag-g4"],"_links":{"self":[{"href":"http:\/\/119.8.7.19\/masterprom\/wp-json\/wp\/v2\/product\/16567","targetHints":{"allow":["GET"]}}],"collection":[{"href":"http:\/\/119.8.7.19\/masterprom\/wp-json\/wp\/v2\/product"}],"about":[{"href":"http:\/\/119.8.7.19\/masterprom\/wp-json\/wp\/v2\/types\/product"}],"replies":[{"embeddable":true,"href":"http:\/\/119.8.7.19\/masterprom\/wp-json\/wp\/v2\/comments?post=16567"}],"wp:attachment":[{"href":"http:\/\/119.8.7.19\/masterprom\/wp-json\/wp\/v2\/media?parent=16567"}],"curies":[{"name":"wp","href":"https:\/\/api.w.org\/{rel}","templated":true}]}}