{"id":16564,"date":"2021-04-20T00:19:54","date_gmt":"2021-04-20T05:19:54","guid":{"rendered":"http:\/\/119.8.7.19\/masterprom\/producto\/koi-trn\/"},"modified":"2021-04-20T00:19:56","modified_gmt":"2021-04-20T05:19:56","slug":"koi-trn","status":"publish","type":"product","link":"http:\/\/119.8.7.19\/masterprom\/producto\/koi-trn\/","title":{"rendered":"KOI-TRN"},"content":{"rendered":"<p>Bol\u00edgrafo de pl\u00e1stico con tinta gel de larga vida con certificado de No toxicidad. Tecnolog\u00eda Japonesa y pl\u00e1sticos de alta resistencia. Clip con mecanismo Pocket Safe. Sistema patentado de 2 piezas que<br \/>\npermite intercambiarlas con facilidad, ofreciendo m\u00faltiples combinaciones* de color. Disponible con tinta negra o azul. *Combinaciones especiales a partir de 5,000 piezas.<\/p>\n","protected":false},"excerpt":{"rendered":"<p>Bol\u00edgrafo de pl\u00e1stico con tinta gel de larga vida con certificado de No toxicidad. Tecnolog\u00eda Japonesa y pl\u00e1sticos de alta resistencia. Clip con mecanismo Pocket Safe. Sistema patentado de 2 piezas que<br \/>\npermite intercambiarlas con facilidad, ofreciendo m\u00faltiples combinaciones* de color. Disponible con tinta negra o azul. *Combinaciones especiales a partir de 5,000 piezas.<\/p>\n","protected":false},"featured_media":0,"comment_status":"closed","ping_status":"open","template":"","meta":[],"class_list":["post-16564","product","type-product","status-publish","hentry","product_cat-boligrafos-plastico","product_cat-escritura","product_tag-g4"],"_links":{"self":[{"href":"http:\/\/119.8.7.19\/masterprom\/wp-json\/wp\/v2\/product\/16564","targetHints":{"allow":["GET"]}}],"collection":[{"href":"http:\/\/119.8.7.19\/masterprom\/wp-json\/wp\/v2\/product"}],"about":[{"href":"http:\/\/119.8.7.19\/masterprom\/wp-json\/wp\/v2\/types\/product"}],"replies":[{"embeddable":true,"href":"http:\/\/119.8.7.19\/masterprom\/wp-json\/wp\/v2\/comments?post=16564"}],"wp:attachment":[{"href":"http:\/\/119.8.7.19\/masterprom\/wp-json\/wp\/v2\/media?parent=16564"}],"curies":[{"name":"wp","href":"https:\/\/api.w.org\/{rel}","templated":true}]}}