{"id":16562,"date":"2021-04-20T00:19:54","date_gmt":"2021-04-20T05:19:54","guid":{"rendered":"http:\/\/119.8.7.19\/masterprom\/producto\/jum-sol\/"},"modified":"2021-04-20T00:19:56","modified_gmt":"2021-04-20T05:19:56","slug":"jum-sol","status":"publish","type":"product","link":"http:\/\/119.8.7.19\/masterprom\/producto\/jum-sol\/","title":{"rendered":"JUM-SOL"},"content":{"rendered":"<p>Bol\u00edgrafo de pl\u00e1stico con divertido dise\u00f1o. El m\u00e1s grande de nuestra l\u00ednea de pl\u00e1stico. Cuenta con grip para mayor comodidad en la escritura. Mecanismo retr\u00e1ctil. Tinta Negra<\/p>\n","protected":false},"excerpt":{"rendered":"<p>Bol\u00edgrafo de pl\u00e1stico con divertido dise\u00f1o. El m\u00e1s grande de nuestra l\u00ednea de pl\u00e1stico. Cuenta con grip para mayor comodidad en la escritura. Mecanismo retr\u00e1ctil. Tinta Negra<\/p>\n","protected":false},"featured_media":0,"comment_status":"closed","ping_status":"open","template":"","meta":[],"class_list":["post-16562","product","type-product","status-publish","hentry","product_cat-boligrafos-plastico","product_cat-escritura","product_tag-g4"],"_links":{"self":[{"href":"http:\/\/119.8.7.19\/masterprom\/wp-json\/wp\/v2\/product\/16562","targetHints":{"allow":["GET"]}}],"collection":[{"href":"http:\/\/119.8.7.19\/masterprom\/wp-json\/wp\/v2\/product"}],"about":[{"href":"http:\/\/119.8.7.19\/masterprom\/wp-json\/wp\/v2\/types\/product"}],"replies":[{"embeddable":true,"href":"http:\/\/119.8.7.19\/masterprom\/wp-json\/wp\/v2\/comments?post=16562"}],"wp:attachment":[{"href":"http:\/\/119.8.7.19\/masterprom\/wp-json\/wp\/v2\/media?parent=16562"}],"curies":[{"name":"wp","href":"https:\/\/api.w.org\/{rel}","templated":true}]}}