{"id":16561,"date":"2021-04-20T00:19:54","date_gmt":"2021-04-20T05:19:54","guid":{"rendered":"http:\/\/119.8.7.19\/masterprom\/producto\/jel-tra\/"},"modified":"2021-04-20T00:19:56","modified_gmt":"2021-04-20T05:19:56","slug":"jel-tra","status":"publish","type":"product","link":"http:\/\/119.8.7.19\/masterprom\/producto\/jel-tra\/","title":{"rendered":"JEL TRA"},"content":{"rendered":"<p>Bol\u00edgrafo de pl\u00e1stico en colores transl\u00facidos. Cuenta con un grip para mayor comodidad en la escritura. Mecanismo retr\u00e1ctil. Tinta Negra, con excepci\u00f3n del bol\u00edgrafo Jello azul, con tinta de escritura Azul.<\/p>\n","protected":false},"excerpt":{"rendered":"<p>Bol\u00edgrafo de pl\u00e1stico en colores transl\u00facidos. Cuenta con un grip para mayor comodidad en la escritura. Mecanismo retr\u00e1ctil. Tinta Negra, con excepci\u00f3n del bol\u00edgrafo Jello azul, con tinta de escritura Azul.<\/p>\n","protected":false},"featured_media":0,"comment_status":"closed","ping_status":"open","template":"","meta":[],"class_list":["post-16561","product","type-product","status-publish","hentry","product_cat-boligrafos-plastico","product_cat-escritura","product_tag-g4"],"_links":{"self":[{"href":"http:\/\/119.8.7.19\/masterprom\/wp-json\/wp\/v2\/product\/16561","targetHints":{"allow":["GET"]}}],"collection":[{"href":"http:\/\/119.8.7.19\/masterprom\/wp-json\/wp\/v2\/product"}],"about":[{"href":"http:\/\/119.8.7.19\/masterprom\/wp-json\/wp\/v2\/types\/product"}],"replies":[{"embeddable":true,"href":"http:\/\/119.8.7.19\/masterprom\/wp-json\/wp\/v2\/comments?post=16561"}],"wp:attachment":[{"href":"http:\/\/119.8.7.19\/masterprom\/wp-json\/wp\/v2\/media?parent=16561"}],"curies":[{"name":"wp","href":"https:\/\/api.w.org\/{rel}","templated":true}]}}