{"id":16560,"date":"2021-04-20T00:19:54","date_gmt":"2021-04-20T05:19:54","guid":{"rendered":"http:\/\/119.8.7.19\/masterprom\/producto\/han-sol\/"},"modified":"2021-04-20T00:19:56","modified_gmt":"2021-04-20T05:19:56","slug":"han-sol","status":"publish","type":"product","link":"http:\/\/119.8.7.19\/masterprom\/producto\/han-sol\/","title":{"rendered":"HAN-SOL"},"content":{"rendered":"<p>Bol\u00edgrafo de pl\u00e1stico con cuerpo blanco y tap\u00f3n de colores con cierre a presi\u00f3n. Cuenta con cord\u00f3n para colgar en el mismo color del tap\u00f3n. Gran \u00e1rea de impresi\u00f3n. Tinta negra.<\/p>\n","protected":false},"excerpt":{"rendered":"<p>Bol\u00edgrafo de pl\u00e1stico con cuerpo blanco y tap\u00f3n de colores con cierre a presi\u00f3n. Cuenta con cord\u00f3n para colgar en el mismo color del tap\u00f3n. Gran \u00e1rea de impresi\u00f3n. Tinta negra.<\/p>\n","protected":false},"featured_media":0,"comment_status":"closed","ping_status":"open","template":"","meta":[],"class_list":["post-16560","product","type-product","status-publish","hentry","product_cat-boligrafos-plastico","product_cat-escritura","product_tag-g4"],"_links":{"self":[{"href":"http:\/\/119.8.7.19\/masterprom\/wp-json\/wp\/v2\/product\/16560","targetHints":{"allow":["GET"]}}],"collection":[{"href":"http:\/\/119.8.7.19\/masterprom\/wp-json\/wp\/v2\/product"}],"about":[{"href":"http:\/\/119.8.7.19\/masterprom\/wp-json\/wp\/v2\/types\/product"}],"replies":[{"embeddable":true,"href":"http:\/\/119.8.7.19\/masterprom\/wp-json\/wp\/v2\/comments?post=16560"}],"wp:attachment":[{"href":"http:\/\/119.8.7.19\/masterprom\/wp-json\/wp\/v2\/media?parent=16560"}],"curies":[{"name":"wp","href":"https:\/\/api.w.org\/{rel}","templated":true}]}}