{"id":16558,"date":"2021-04-20T00:19:54","date_gmt":"2021-04-20T05:19:54","guid":{"rendered":"http:\/\/119.8.7.19\/masterprom\/producto\/epi-pme\/"},"modified":"2021-04-20T00:19:55","modified_gmt":"2021-04-20T05:19:55","slug":"epi-pme","status":"publish","type":"product","link":"http:\/\/119.8.7.19\/masterprom\/producto\/epi-pme\/","title":{"rendered":"EPI-PME"},"content":{"rendered":"<p>Bol\u00edgrafo de pl\u00e1stico sin clip con apariencia met\u00e1lica. Mecanismo de giro. (Igual a Epic). Con Touch en color negro del lado contrario a la punta. Gran \u00e1rea de impresi\u00f3n envolvente. Tinta Negra<\/p>\n","protected":false},"excerpt":{"rendered":"<p>Bol\u00edgrafo de pl\u00e1stico sin clip con apariencia met\u00e1lica. Mecanismo de giro. (Igual a Epic). Con Touch en color negro del lado contrario a la punta. Gran \u00e1rea de impresi\u00f3n envolvente. Tinta Negra<\/p>\n","protected":false},"featured_media":0,"comment_status":"closed","ping_status":"open","template":"","meta":[],"class_list":["post-16558","product","type-product","status-publish","hentry","product_cat-boligrafos-plastico","product_cat-escritura","product_tag-g4"],"_links":{"self":[{"href":"http:\/\/119.8.7.19\/masterprom\/wp-json\/wp\/v2\/product\/16558","targetHints":{"allow":["GET"]}}],"collection":[{"href":"http:\/\/119.8.7.19\/masterprom\/wp-json\/wp\/v2\/product"}],"about":[{"href":"http:\/\/119.8.7.19\/masterprom\/wp-json\/wp\/v2\/types\/product"}],"replies":[{"embeddable":true,"href":"http:\/\/119.8.7.19\/masterprom\/wp-json\/wp\/v2\/comments?post=16558"}],"wp:attachment":[{"href":"http:\/\/119.8.7.19\/masterprom\/wp-json\/wp\/v2\/media?parent=16558"}],"curies":[{"name":"wp","href":"https:\/\/api.w.org\/{rel}","templated":true}]}}