{"id":16557,"date":"2021-04-20T00:19:54","date_gmt":"2021-04-20T05:19:54","guid":{"rendered":"http:\/\/119.8.7.19\/masterprom\/producto\/col-tra\/"},"modified":"2021-04-20T00:19:55","modified_gmt":"2021-04-20T05:19:55","slug":"col-tra","status":"publish","type":"product","link":"http:\/\/119.8.7.19\/masterprom\/producto\/col-tra\/","title":{"rendered":"COL-TRA"},"content":{"rendered":"<p>Cl\u00e1sico que no pasa de moda. Bol\u00edgrafo de pl\u00e1stico con cuerpo transl\u00facido. Cuenta con un grip para mayor comodidad en la escritura. Mecanismo retr\u00e1ctil. Tinta Negra, con excepci\u00f3n del bol\u00edgrafo Colors Milky Azul, con tinta de escritura Azul.<\/p>\n","protected":false},"excerpt":{"rendered":"<p>Cl\u00e1sico que no pasa de moda. Bol\u00edgrafo de pl\u00e1stico con cuerpo transl\u00facido. Cuenta con un grip para mayor comodidad en la escritura. Mecanismo retr\u00e1ctil. Tinta Negra, con excepci\u00f3n del bol\u00edgrafo Colors Milky Azul, con tinta de escritura Azul.<\/p>\n","protected":false},"featured_media":0,"comment_status":"closed","ping_status":"open","template":"","meta":[],"class_list":["post-16557","product","type-product","status-publish","hentry","product_cat-boligrafos-plastico","product_cat-escritura","product_tag-g4"],"_links":{"self":[{"href":"http:\/\/119.8.7.19\/masterprom\/wp-json\/wp\/v2\/product\/16557","targetHints":{"allow":["GET"]}}],"collection":[{"href":"http:\/\/119.8.7.19\/masterprom\/wp-json\/wp\/v2\/product"}],"about":[{"href":"http:\/\/119.8.7.19\/masterprom\/wp-json\/wp\/v2\/types\/product"}],"replies":[{"embeddable":true,"href":"http:\/\/119.8.7.19\/masterprom\/wp-json\/wp\/v2\/comments?post=16557"}],"wp:attachment":[{"href":"http:\/\/119.8.7.19\/masterprom\/wp-json\/wp\/v2\/media?parent=16557"}],"curies":[{"name":"wp","href":"https:\/\/api.w.org\/{rel}","templated":true}]}}