{"id":16556,"date":"2021-04-20T00:19:54","date_gmt":"2021-04-20T05:19:54","guid":{"rendered":"http:\/\/119.8.7.19\/masterprom\/producto\/cli-sol\/"},"modified":"2021-04-20T00:19:55","modified_gmt":"2021-04-20T05:19:55","slug":"cli-sol","status":"publish","type":"product","link":"http:\/\/119.8.7.19\/masterprom\/producto\/cli-sol\/","title":{"rendered":"CLI-SOL"},"content":{"rendered":"<p>Bol\u00edgrafo de pl\u00e1stico con apariencia met\u00e1lica. La punta se oculta en la parte superior y queda visible al girar el bol\u00edgrafo. Con Touch en color negro del lado contrario a la punta. Detalles en color cromo. Tinta Negra.<\/p>\n","protected":false},"excerpt":{"rendered":"<p>Bol\u00edgrafo de pl\u00e1stico con apariencia met\u00e1lica. La punta se oculta en la parte superior y queda visible al girar el bol\u00edgrafo. Con Touch en color negro del lado contrario a la punta. Detalles en color cromo. Tinta Negra.<\/p>\n","protected":false},"featured_media":0,"comment_status":"closed","ping_status":"open","template":"","meta":[],"class_list":["post-16556","product","type-product","status-publish","hentry","product_cat-boligrafos-plastico","product_cat-escritura","product_tag-g4"],"_links":{"self":[{"href":"http:\/\/119.8.7.19\/masterprom\/wp-json\/wp\/v2\/product\/16556","targetHints":{"allow":["GET"]}}],"collection":[{"href":"http:\/\/119.8.7.19\/masterprom\/wp-json\/wp\/v2\/product"}],"about":[{"href":"http:\/\/119.8.7.19\/masterprom\/wp-json\/wp\/v2\/types\/product"}],"replies":[{"embeddable":true,"href":"http:\/\/119.8.7.19\/masterprom\/wp-json\/wp\/v2\/comments?post=16556"}],"wp:attachment":[{"href":"http:\/\/119.8.7.19\/masterprom\/wp-json\/wp\/v2\/media?parent=16556"}],"curies":[{"name":"wp","href":"https:\/\/api.w.org\/{rel}","templated":true}]}}