{"id":16554,"date":"2021-04-20T00:19:54","date_gmt":"2021-04-20T05:19:54","guid":{"rendered":"http:\/\/119.8.7.19\/masterprom\/producto\/bug-zen\/"},"modified":"2021-04-20T00:19:55","modified_gmt":"2021-04-20T05:19:55","slug":"bug-zen","status":"publish","type":"product","link":"http:\/\/119.8.7.19\/masterprom\/producto\/bug-zen\/","title":{"rendered":"BUG-ZEN"},"content":{"rendered":"<p>Minimalismo con clase. Bol\u00edgrafo de pl\u00e1stico (Mismo dise\u00f1o de buggy) con cuerpo en color blanco s\u00f3lido y detalles en colores transl\u00facidos. Cuenta con un grip para mayor comodidad en la escritura. Mecanismo retr\u00e1ctil. Tinta Negra.<\/p>\n","protected":false},"excerpt":{"rendered":"<p>Minimalismo con clase. Bol\u00edgrafo de pl\u00e1stico (Mismo dise\u00f1o de buggy) con cuerpo en color blanco s\u00f3lido y detalles en colores transl\u00facidos. Cuenta con un grip para mayor comodidad en la escritura. Mecanismo retr\u00e1ctil. Tinta Negra.<\/p>\n","protected":false},"featured_media":0,"comment_status":"closed","ping_status":"open","template":"","meta":[],"class_list":["post-16554","product","type-product","status-publish","hentry","product_cat-boligrafos-plastico","product_cat-escritura","product_tag-g4"],"_links":{"self":[{"href":"http:\/\/119.8.7.19\/masterprom\/wp-json\/wp\/v2\/product\/16554","targetHints":{"allow":["GET"]}}],"collection":[{"href":"http:\/\/119.8.7.19\/masterprom\/wp-json\/wp\/v2\/product"}],"about":[{"href":"http:\/\/119.8.7.19\/masterprom\/wp-json\/wp\/v2\/types\/product"}],"replies":[{"embeddable":true,"href":"http:\/\/119.8.7.19\/masterprom\/wp-json\/wp\/v2\/comments?post=16554"}],"wp:attachment":[{"href":"http:\/\/119.8.7.19\/masterprom\/wp-json\/wp\/v2\/media?parent=16554"}],"curies":[{"name":"wp","href":"https:\/\/api.w.org\/{rel}","templated":true}]}}