{"id":16553,"date":"2021-04-20T00:19:54","date_gmt":"2021-04-20T05:19:54","guid":{"rendered":"http:\/\/119.8.7.19\/masterprom\/producto\/bug-joy\/"},"modified":"2021-04-20T00:19:55","modified_gmt":"2021-04-20T05:19:55","slug":"bug-joy","status":"publish","type":"product","link":"http:\/\/119.8.7.19\/masterprom\/producto\/bug-joy\/","title":{"rendered":"BUG-JOY"},"content":{"rendered":"<p>Inconfundible dise\u00f1o. Bol\u00edgrafo de pl\u00e1stico en colores s\u00f3lidos con tonalidades pastel. Cuenta con un grip para mayor com+odidad en la escritura. Mecanismo retr\u00e1ctil. Punta y clip en colores transl\u00facidos que coinciden con el color del cuerpo. Tinta Negra.<\/p>\n","protected":false},"excerpt":{"rendered":"<p>Inconfundible dise\u00f1o. Bol\u00edgrafo de pl\u00e1stico en colores s\u00f3lidos con tonalidades pastel. Cuenta con un grip para mayor com+odidad en la escritura. Mecanismo retr\u00e1ctil. Punta y clip en colores transl\u00facidos que coinciden con el color del cuerpo. Tinta Negra.<\/p>\n","protected":false},"featured_media":0,"comment_status":"closed","ping_status":"open","template":"","meta":[],"class_list":["post-16553","product","type-product","status-publish","hentry","product_cat-boligrafos-plastico","product_cat-escritura","product_tag-g4"],"_links":{"self":[{"href":"http:\/\/119.8.7.19\/masterprom\/wp-json\/wp\/v2\/product\/16553","targetHints":{"allow":["GET"]}}],"collection":[{"href":"http:\/\/119.8.7.19\/masterprom\/wp-json\/wp\/v2\/product"}],"about":[{"href":"http:\/\/119.8.7.19\/masterprom\/wp-json\/wp\/v2\/types\/product"}],"replies":[{"embeddable":true,"href":"http:\/\/119.8.7.19\/masterprom\/wp-json\/wp\/v2\/comments?post=16553"}],"wp:attachment":[{"href":"http:\/\/119.8.7.19\/masterprom\/wp-json\/wp\/v2\/media?parent=16553"}],"curies":[{"name":"wp","href":"https:\/\/api.w.org\/{rel}","templated":true}]}}