{"id":16551,"date":"2021-04-20T00:19:54","date_gmt":"2021-04-20T05:19:54","guid":{"rendered":"http:\/\/119.8.7.19\/masterprom\/producto\/zep-sol\/"},"modified":"2021-04-20T00:19:54","modified_gmt":"2021-04-20T05:19:54","slug":"zep-sol","status":"publish","type":"product","link":"http:\/\/119.8.7.19\/masterprom\/producto\/zep-sol\/","title":{"rendered":"ZEP-SOL"},"content":{"rendered":"<p>Divertido bol\u00edgrafo ergon\u00f3mico forrado en silic\u00f3n. Ideal para personas con problemas en articulaciones, ni\u00f1os, o cualquier persona que lo sujete de manera distinta mecanismo retr\u00e1ctil Detalle en pl\u00e1stico blanco que simula un clip donde se coloca el<br \/>\nlogotipo (Tinta Negra)<\/p>\n","protected":false},"excerpt":{"rendered":"<p>Divertido bol\u00edgrafo ergon\u00f3mico forrado en silic\u00f3n. Ideal para personas con problemas en articulaciones, ni\u00f1os, o cualquier persona que lo sujete de manera distinta mecanismo retr\u00e1ctil Detalle en pl\u00e1stico blanco que simula un clip donde se coloca el<br \/>\nlogotipo (Tinta Negra)<\/p>\n","protected":false},"featured_media":0,"comment_status":"closed","ping_status":"open","template":"","meta":[],"class_list":["post-16551","product","type-product","status-publish","hentry","product_cat-boligrafos-plastico","product_cat-escritura","product_tag-g4"],"_links":{"self":[{"href":"http:\/\/119.8.7.19\/masterprom\/wp-json\/wp\/v2\/product\/16551","targetHints":{"allow":["GET"]}}],"collection":[{"href":"http:\/\/119.8.7.19\/masterprom\/wp-json\/wp\/v2\/product"}],"about":[{"href":"http:\/\/119.8.7.19\/masterprom\/wp-json\/wp\/v2\/types\/product"}],"replies":[{"embeddable":true,"href":"http:\/\/119.8.7.19\/masterprom\/wp-json\/wp\/v2\/comments?post=16551"}],"wp:attachment":[{"href":"http:\/\/119.8.7.19\/masterprom\/wp-json\/wp\/v2\/media?parent=16551"}],"curies":[{"name":"wp","href":"https:\/\/api.w.org\/{rel}","templated":true}]}}