{"id":16537,"date":"2021-04-20T00:19:51","date_gmt":"2021-04-20T05:19:51","guid":{"rendered":"http:\/\/119.8.7.19\/masterprom\/producto\/4c\/"},"modified":"2021-04-20T00:19:52","modified_gmt":"2021-04-20T05:19:52","slug":"4c","status":"publish","type":"product","link":"http:\/\/119.8.7.19\/masterprom\/producto\/4c\/","title":{"rendered":"4C"},"content":{"rendered":"<p>BIC\u00ae 4 Colors, 4 colores de escritura \u00a1en un s\u00f3lo producto!, Dise\u00f1o multi-funcional con orificio para cord\u00f3n<\/p>\n","protected":false},"excerpt":{"rendered":"<p>BIC\u00ae 4 Colors, 4 colores de escritura \u00a1en un s\u00f3lo producto!, Dise\u00f1o multi-funcional con orificio para cord\u00f3n<\/p>\n","protected":false},"featured_media":0,"comment_status":"closed","ping_status":"open","template":"","meta":[],"class_list":["post-16537","product","type-product","status-publish","hentry","product_cat-boligrafos-plastico","product_cat-escritura","product_tag-bic"],"_links":{"self":[{"href":"http:\/\/119.8.7.19\/masterprom\/wp-json\/wp\/v2\/product\/16537","targetHints":{"allow":["GET"]}}],"collection":[{"href":"http:\/\/119.8.7.19\/masterprom\/wp-json\/wp\/v2\/product"}],"about":[{"href":"http:\/\/119.8.7.19\/masterprom\/wp-json\/wp\/v2\/types\/product"}],"replies":[{"embeddable":true,"href":"http:\/\/119.8.7.19\/masterprom\/wp-json\/wp\/v2\/comments?post=16537"}],"wp:attachment":[{"href":"http:\/\/119.8.7.19\/masterprom\/wp-json\/wp\/v2\/media?parent=16537"}],"curies":[{"name":"wp","href":"https:\/\/api.w.org\/{rel}","templated":true}]}}