{"id":16506,"date":"2021-04-20T00:19:44","date_gmt":"2021-04-20T05:19:44","guid":{"rendered":"http:\/\/119.8.7.19\/masterprom\/producto\/a2159\/"},"modified":"2021-04-20T00:19:46","modified_gmt":"2021-04-20T05:19:46","slug":"a2159","status":"publish","type":"product","link":"http:\/\/119.8.7.19\/masterprom\/producto\/a2159\/","title":{"rendered":"A2159"},"content":{"rendered":"<p>Bol\u00edgrafo pl\u00e1stico color blanco, con base de pl\u00e1stico en el mismo color y uni\u00f3n de resorte al bol\u00edgrafo. Ideal para llenar los formatos en tu negocio.<\/p>\n","protected":false},"excerpt":{"rendered":"<p>Bol\u00edgrafo pl\u00e1stico color blanco, con base de pl\u00e1stico en el mismo color y uni\u00f3n de resorte al bol\u00edgrafo. Ideal para llenar los formatos en tu negocio.<\/p>\n","protected":false},"featured_media":0,"comment_status":"closed","ping_status":"open","template":"","meta":[],"class_list":["post-16506","product","type-product","status-publish","hentry","product_cat-boligrafos-plastico","product_cat-escritura","product_tag-winideas"],"_links":{"self":[{"href":"http:\/\/119.8.7.19\/masterprom\/wp-json\/wp\/v2\/product\/16506","targetHints":{"allow":["GET"]}}],"collection":[{"href":"http:\/\/119.8.7.19\/masterprom\/wp-json\/wp\/v2\/product"}],"about":[{"href":"http:\/\/119.8.7.19\/masterprom\/wp-json\/wp\/v2\/types\/product"}],"replies":[{"embeddable":true,"href":"http:\/\/119.8.7.19\/masterprom\/wp-json\/wp\/v2\/comments?post=16506"}],"wp:attachment":[{"href":"http:\/\/119.8.7.19\/masterprom\/wp-json\/wp\/v2\/media?parent=16506"}],"curies":[{"name":"wp","href":"https:\/\/api.w.org\/{rel}","templated":true}]}}