{"id":16502,"date":"2021-04-20T00:19:44","date_gmt":"2021-04-20T05:19:44","guid":{"rendered":"http:\/\/119.8.7.19\/masterprom\/producto\/a2266\/"},"modified":"2021-04-20T00:19:46","modified_gmt":"2021-04-20T05:19:46","slug":"a2266","status":"publish","type":"product","link":"http:\/\/119.8.7.19\/masterprom\/producto\/a2266\/","title":{"rendered":"A2266"},"content":{"rendered":"<p>Bol\u00edgrafo pl\u00e1stico de cuerpo blanco con punta cromada. Novedoso dise\u00f1o de clip con detalle en color. Ligero y c\u00f3modo. Mecanismo retr\u00e1ctil.<\/p>\n","protected":false},"excerpt":{"rendered":"<p>Bol\u00edgrafo pl\u00e1stico de cuerpo blanco con punta cromada. Novedoso dise\u00f1o de clip con detalle en color. Ligero y c\u00f3modo. Mecanismo retr\u00e1ctil.<\/p>\n","protected":false},"featured_media":0,"comment_status":"closed","ping_status":"open","template":"","meta":[],"class_list":["post-16502","product","type-product","status-publish","hentry","product_cat-boligrafos-plastico","product_cat-escritura","product_tag-winideas"],"_links":{"self":[{"href":"http:\/\/119.8.7.19\/masterprom\/wp-json\/wp\/v2\/product\/16502","targetHints":{"allow":["GET"]}}],"collection":[{"href":"http:\/\/119.8.7.19\/masterprom\/wp-json\/wp\/v2\/product"}],"about":[{"href":"http:\/\/119.8.7.19\/masterprom\/wp-json\/wp\/v2\/types\/product"}],"replies":[{"embeddable":true,"href":"http:\/\/119.8.7.19\/masterprom\/wp-json\/wp\/v2\/comments?post=16502"}],"wp:attachment":[{"href":"http:\/\/119.8.7.19\/masterprom\/wp-json\/wp\/v2\/media?parent=16502"}],"curies":[{"name":"wp","href":"https:\/\/api.w.org\/{rel}","templated":true}]}}