{"id":16501,"date":"2021-04-20T00:19:44","date_gmt":"2021-04-20T05:19:44","guid":{"rendered":"http:\/\/119.8.7.19\/masterprom\/producto\/bpl6962\/"},"modified":"2021-04-20T00:19:45","modified_gmt":"2021-04-20T05:19:45","slug":"bpl6962","status":"publish","type":"product","link":"http:\/\/119.8.7.19\/masterprom\/producto\/bpl6962\/","title":{"rendered":"BPL6962"},"content":{"rendered":"<p>Bol\u00edgrafo de pl\u00e1stico, cuerpo y clip en negro mate, detalle de color metalizado debajo de clip, punta de pl\u00e1stico plateada. Mecanismo de click.<\/p>\n","protected":false},"excerpt":{"rendered":"<p>Bol\u00edgrafo de pl\u00e1stico, cuerpo y clip en negro mate, detalle de color metalizado debajo de clip, punta de pl\u00e1stico plateada. Mecanismo de click.<\/p>\n","protected":false},"featured_media":0,"comment_status":"closed","ping_status":"open","template":"","meta":[],"class_list":["post-16501","product","type-product","status-publish","hentry","product_cat-boligrafos-plastico","product_cat-escritura","product_tag-winideas"],"_links":{"self":[{"href":"http:\/\/119.8.7.19\/masterprom\/wp-json\/wp\/v2\/product\/16501","targetHints":{"allow":["GET"]}}],"collection":[{"href":"http:\/\/119.8.7.19\/masterprom\/wp-json\/wp\/v2\/product"}],"about":[{"href":"http:\/\/119.8.7.19\/masterprom\/wp-json\/wp\/v2\/types\/product"}],"replies":[{"embeddable":true,"href":"http:\/\/119.8.7.19\/masterprom\/wp-json\/wp\/v2\/comments?post=16501"}],"wp:attachment":[{"href":"http:\/\/119.8.7.19\/masterprom\/wp-json\/wp\/v2\/media?parent=16501"}],"curies":[{"name":"wp","href":"https:\/\/api.w.org\/{rel}","templated":true}]}}