{"id":16499,"date":"2021-04-20T00:19:44","date_gmt":"2021-04-20T05:19:44","guid":{"rendered":"http:\/\/119.8.7.19\/masterprom\/producto\/a2124\/"},"modified":"2021-04-20T00:19:45","modified_gmt":"2021-04-20T05:19:45","slug":"a2124","status":"publish","type":"product","link":"http:\/\/119.8.7.19\/masterprom\/producto\/a2124\/","title":{"rendered":"A2124"},"content":{"rendered":"<p>Bol\u00edgrafo pl\u00e1stico con clip de metal, retr\u00e1ctil. Un art\u00edculo con mucho estilo.<\/p>\n","protected":false},"excerpt":{"rendered":"<p>Bol\u00edgrafo pl\u00e1stico con clip de metal, retr\u00e1ctil. Un art\u00edculo con mucho estilo.<\/p>\n","protected":false},"featured_media":0,"comment_status":"closed","ping_status":"open","template":"","meta":[],"class_list":["post-16499","product","type-product","status-publish","hentry","product_cat-boligrafos-plastico","product_cat-escritura","product_tag-winideas"],"_links":{"self":[{"href":"http:\/\/119.8.7.19\/masterprom\/wp-json\/wp\/v2\/product\/16499","targetHints":{"allow":["GET"]}}],"collection":[{"href":"http:\/\/119.8.7.19\/masterprom\/wp-json\/wp\/v2\/product"}],"about":[{"href":"http:\/\/119.8.7.19\/masterprom\/wp-json\/wp\/v2\/types\/product"}],"replies":[{"embeddable":true,"href":"http:\/\/119.8.7.19\/masterprom\/wp-json\/wp\/v2\/comments?post=16499"}],"wp:attachment":[{"href":"http:\/\/119.8.7.19\/masterprom\/wp-json\/wp\/v2\/media?parent=16499"}],"curies":[{"name":"wp","href":"https:\/\/api.w.org\/{rel}","templated":true}]}}