{"id":16498,"date":"2021-04-20T00:19:44","date_gmt":"2021-04-20T05:19:44","guid":{"rendered":"http:\/\/119.8.7.19\/masterprom\/producto\/a2128\/"},"modified":"2021-04-20T00:19:45","modified_gmt":"2021-04-20T05:19:45","slug":"a2128","status":"publish","type":"product","link":"http:\/\/119.8.7.19\/masterprom\/producto\/a2128\/","title":{"rendered":"A2128"},"content":{"rendered":"<p>Bol\u00edgrafo con cuerpo de color, clip y tap\u00f3n en blanco, dise\u00f1ado para uso confortable y cambio de repuesto.<\/p>\n","protected":false},"excerpt":{"rendered":"<p>Bol\u00edgrafo con cuerpo de color, clip y tap\u00f3n en blanco, dise\u00f1ado para uso confortable y cambio de repuesto.<\/p>\n","protected":false},"featured_media":0,"comment_status":"closed","ping_status":"open","template":"","meta":[],"class_list":["post-16498","product","type-product","status-publish","hentry","product_cat-boligrafos-plastico","product_cat-escritura","product_tag-winideas"],"_links":{"self":[{"href":"http:\/\/119.8.7.19\/masterprom\/wp-json\/wp\/v2\/product\/16498","targetHints":{"allow":["GET"]}}],"collection":[{"href":"http:\/\/119.8.7.19\/masterprom\/wp-json\/wp\/v2\/product"}],"about":[{"href":"http:\/\/119.8.7.19\/masterprom\/wp-json\/wp\/v2\/types\/product"}],"replies":[{"embeddable":true,"href":"http:\/\/119.8.7.19\/masterprom\/wp-json\/wp\/v2\/comments?post=16498"}],"wp:attachment":[{"href":"http:\/\/119.8.7.19\/masterprom\/wp-json\/wp\/v2\/media?parent=16498"}],"curies":[{"name":"wp","href":"https:\/\/api.w.org\/{rel}","templated":true}]}}