{"id":16497,"date":"2021-04-20T00:19:44","date_gmt":"2021-04-20T05:19:44","guid":{"rendered":"http:\/\/119.8.7.19\/masterprom\/producto\/a2330\/"},"modified":"2021-04-20T00:19:45","modified_gmt":"2021-04-20T05:19:45","slug":"a2330","status":"publish","type":"product","link":"http:\/\/119.8.7.19\/masterprom\/producto\/a2330\/","title":{"rendered":"A2330"},"content":{"rendered":"<p>Bol\u00edgrafo pl\u00e1stico con cuerpo de color, punta cromada y clip blanco. Novedoso dise\u00f1o en el cual al girar el mecanismo retr\u00e1ctil, se muestra un detalle de dise\u00f1o en color blanco<\/p>\n","protected":false},"excerpt":{"rendered":"<p>Bol\u00edgrafo pl\u00e1stico con cuerpo de color, punta cromada y clip blanco. Novedoso dise\u00f1o en el cual al girar el mecanismo retr\u00e1ctil, se muestra un detalle de dise\u00f1o en color blanco<\/p>\n","protected":false},"featured_media":0,"comment_status":"closed","ping_status":"open","template":"","meta":[],"class_list":["post-16497","product","type-product","status-publish","hentry","product_cat-boligrafos-plastico","product_cat-escritura","product_tag-winideas"],"_links":{"self":[{"href":"http:\/\/119.8.7.19\/masterprom\/wp-json\/wp\/v2\/product\/16497","targetHints":{"allow":["GET"]}}],"collection":[{"href":"http:\/\/119.8.7.19\/masterprom\/wp-json\/wp\/v2\/product"}],"about":[{"href":"http:\/\/119.8.7.19\/masterprom\/wp-json\/wp\/v2\/types\/product"}],"replies":[{"embeddable":true,"href":"http:\/\/119.8.7.19\/masterprom\/wp-json\/wp\/v2\/comments?post=16497"}],"wp:attachment":[{"href":"http:\/\/119.8.7.19\/masterprom\/wp-json\/wp\/v2\/media?parent=16497"}],"curies":[{"name":"wp","href":"https:\/\/api.w.org\/{rel}","templated":true}]}}