{"id":16492,"date":"2021-04-20T00:19:44","date_gmt":"2021-04-20T05:19:44","guid":{"rendered":"http:\/\/119.8.7.19\/masterprom\/producto\/a2412\/"},"modified":"2021-04-20T00:19:44","modified_gmt":"2021-04-20T05:19:44","slug":"a2412","status":"publish","type":"product","link":"http:\/\/119.8.7.19\/masterprom\/producto\/a2412\/","title":{"rendered":"A2412"},"content":{"rendered":"<p>Juego de bol\u00edgrafo y lapicero de pl\u00e1stico con clip que se ensambla uno al otro para quedar perfectamente unidos. El clip y la parte inferior vienen en color plata, esta \u00faltima con dise\u00f1o de peque\u00f1as hendiduras. Incluyen estuche trasl\u00facido de pl\u00e1stico PP. Mecanismo de click.<\/p>\n","protected":false},"excerpt":{"rendered":"<p>Juego de bol\u00edgrafo y lapicero de pl\u00e1stico con clip que se ensambla uno al otro para quedar perfectamente unidos. El clip y la parte inferior vienen en color plata, esta \u00faltima con dise\u00f1o de peque\u00f1as hendiduras. Incluyen estuche trasl\u00facido de pl\u00e1stico PP. Mecanismo de click.<\/p>\n","protected":false},"featured_media":0,"comment_status":"closed","ping_status":"open","template":"","meta":[],"class_list":["post-16492","product","type-product","status-publish","hentry","product_cat-boligrafos-plastico","product_cat-escritura","product_tag-winideas"],"_links":{"self":[{"href":"http:\/\/119.8.7.19\/masterprom\/wp-json\/wp\/v2\/product\/16492","targetHints":{"allow":["GET"]}}],"collection":[{"href":"http:\/\/119.8.7.19\/masterprom\/wp-json\/wp\/v2\/product"}],"about":[{"href":"http:\/\/119.8.7.19\/masterprom\/wp-json\/wp\/v2\/types\/product"}],"replies":[{"embeddable":true,"href":"http:\/\/119.8.7.19\/masterprom\/wp-json\/wp\/v2\/comments?post=16492"}],"wp:attachment":[{"href":"http:\/\/119.8.7.19\/masterprom\/wp-json\/wp\/v2\/media?parent=16492"}],"curies":[{"name":"wp","href":"https:\/\/api.w.org\/{rel}","templated":true}]}}