{"id":16489,"date":"2021-04-20T00:19:44","date_gmt":"2021-04-20T05:19:44","guid":{"rendered":"http:\/\/119.8.7.19\/masterprom\/producto\/bl-087\/"},"modified":"2021-04-20T00:19:44","modified_gmt":"2021-04-20T05:19:44","slug":"bl-087","status":"publish","type":"product","link":"http:\/\/119.8.7.19\/masterprom\/producto\/bl-087\/","title":{"rendered":"BL-087"},"content":{"rendered":"<p>Bol\u00edgrafo de pl\u00e1stico con l\u00e1mpara, puntero touch y dise\u00f1o base para celular con tinta negra.<\/p>\n","protected":false},"excerpt":{"rendered":"<p>Bol\u00edgrafo de pl\u00e1stico con l\u00e1mpara, puntero touch y dise\u00f1o base para celular con tinta negra.<\/p>\n","protected":false},"featured_media":0,"comment_status":"closed","ping_status":"open","template":"","meta":[],"class_list":["post-16489","product","type-product","status-publish","hentry","product_cat-boligrafos-plastico","product_cat-escritura","product_tag-innova"],"_links":{"self":[{"href":"http:\/\/119.8.7.19\/masterprom\/wp-json\/wp\/v2\/product\/16489","targetHints":{"allow":["GET"]}}],"collection":[{"href":"http:\/\/119.8.7.19\/masterprom\/wp-json\/wp\/v2\/product"}],"about":[{"href":"http:\/\/119.8.7.19\/masterprom\/wp-json\/wp\/v2\/types\/product"}],"replies":[{"embeddable":true,"href":"http:\/\/119.8.7.19\/masterprom\/wp-json\/wp\/v2\/comments?post=16489"}],"wp:attachment":[{"href":"http:\/\/119.8.7.19\/masterprom\/wp-json\/wp\/v2\/media?parent=16489"}],"curies":[{"name":"wp","href":"https:\/\/api.w.org\/{rel}","templated":true}]}}