{"id":16486,"date":"2021-04-20T00:19:40","date_gmt":"2021-04-20T05:19:40","guid":{"rendered":"http:\/\/119.8.7.19\/masterprom\/producto\/bl-084\/"},"modified":"2021-04-20T00:19:43","modified_gmt":"2021-04-20T05:19:43","slug":"bl-084","status":"publish","type":"product","link":"http:\/\/119.8.7.19\/masterprom\/producto\/bl-084\/","title":{"rendered":"BL-084"},"content":{"rendered":"<p>Bol\u00edgrafo de pl\u00e1stico retr\u00e1ctil y tinta negra.<\/p>\n","protected":false},"excerpt":{"rendered":"<p>Bol\u00edgrafo de pl\u00e1stico retr\u00e1ctil y tinta negra.<\/p>\n","protected":false},"featured_media":0,"comment_status":"closed","ping_status":"open","template":"","meta":[],"class_list":["post-16486","product","type-product","status-publish","hentry","product_cat-boligrafos-plastico","product_cat-escritura","product_tag-innova"],"_links":{"self":[{"href":"http:\/\/119.8.7.19\/masterprom\/wp-json\/wp\/v2\/product\/16486","targetHints":{"allow":["GET"]}}],"collection":[{"href":"http:\/\/119.8.7.19\/masterprom\/wp-json\/wp\/v2\/product"}],"about":[{"href":"http:\/\/119.8.7.19\/masterprom\/wp-json\/wp\/v2\/types\/product"}],"replies":[{"embeddable":true,"href":"http:\/\/119.8.7.19\/masterprom\/wp-json\/wp\/v2\/comments?post=16486"}],"wp:attachment":[{"href":"http:\/\/119.8.7.19\/masterprom\/wp-json\/wp\/v2\/media?parent=16486"}],"curies":[{"name":"wp","href":"https:\/\/api.w.org\/{rel}","templated":true}]}}