{"id":16475,"date":"2021-04-20T00:19:40","date_gmt":"2021-04-20T05:19:40","guid":{"rendered":"http:\/\/119.8.7.19\/masterprom\/producto\/bp-2173c\/"},"modified":"2021-04-22T09:50:42","modified_gmt":"2021-04-22T14:50:42","slug":"bp-2173c","status":"publish","type":"product","link":"http:\/\/119.8.7.19\/masterprom\/producto\/bp-2173c\/","title":{"rendered":"BP-2173C"},"content":{"rendered":"<p>Bol\u00edgrafo de pl\u00e1stico trasl\u00facido con clip met\u00e1lico y grip de goma.<\/p>\n","protected":false},"excerpt":{"rendered":"<p>Bol\u00edgrafo de pl\u00e1stico trasl\u00facido con clip met\u00e1lico y grip de goma.<\/p>\n","protected":false},"featured_media":18629,"comment_status":"closed","ping_status":"closed","template":"","meta":[],"class_list":["post-16475","product","type-product","status-publish","has-post-thumbnail","hentry","product_cat-boligrafos-plastico","product_cat-escritura","product_tag-4-promotional"],"_links":{"self":[{"href":"http:\/\/119.8.7.19\/masterprom\/wp-json\/wp\/v2\/product\/16475","targetHints":{"allow":["GET"]}}],"collection":[{"href":"http:\/\/119.8.7.19\/masterprom\/wp-json\/wp\/v2\/product"}],"about":[{"href":"http:\/\/119.8.7.19\/masterprom\/wp-json\/wp\/v2\/types\/product"}],"replies":[{"embeddable":true,"href":"http:\/\/119.8.7.19\/masterprom\/wp-json\/wp\/v2\/comments?post=16475"}],"wp:featuredmedia":[{"embeddable":true,"href":"http:\/\/119.8.7.19\/masterprom\/wp-json\/wp\/v2\/media\/18629"}],"wp:attachment":[{"href":"http:\/\/119.8.7.19\/masterprom\/wp-json\/wp\/v2\/media?parent=16475"}],"curies":[{"name":"wp","href":"https:\/\/api.w.org\/{rel}","templated":true}]}}