{"id":16471,"date":"2021-04-20T00:19:40","date_gmt":"2021-04-20T05:19:40","guid":{"rendered":"http:\/\/119.8.7.19\/masterprom\/producto\/bp-5501c\/"},"modified":"2021-04-22T09:46:21","modified_gmt":"2021-04-22T14:46:21","slug":"bp-5501c","status":"publish","type":"product","link":"http:\/\/119.8.7.19\/masterprom\/producto\/bp-5501c\/","title":{"rendered":"BP-5501C"},"content":{"rendered":"<p>Bol\u00edgrafo de pl\u00e1stico con apariencia met\u00e1lica y cuerpo s\u00f3lido.<\/p>\n","protected":false},"excerpt":{"rendered":"<p>Bol\u00edgrafo de pl\u00e1stico con apariencia met\u00e1lica y cuerpo s\u00f3lido.<\/p>\n","protected":false},"featured_media":18640,"comment_status":"closed","ping_status":"closed","template":"","meta":[],"class_list":["post-16471","product","type-product","status-publish","has-post-thumbnail","hentry","product_cat-boligrafos-plastico","product_cat-escritura","product_tag-4-promotional"],"_links":{"self":[{"href":"http:\/\/119.8.7.19\/masterprom\/wp-json\/wp\/v2\/product\/16471","targetHints":{"allow":["GET"]}}],"collection":[{"href":"http:\/\/119.8.7.19\/masterprom\/wp-json\/wp\/v2\/product"}],"about":[{"href":"http:\/\/119.8.7.19\/masterprom\/wp-json\/wp\/v2\/types\/product"}],"replies":[{"embeddable":true,"href":"http:\/\/119.8.7.19\/masterprom\/wp-json\/wp\/v2\/comments?post=16471"}],"wp:featuredmedia":[{"embeddable":true,"href":"http:\/\/119.8.7.19\/masterprom\/wp-json\/wp\/v2\/media\/18640"}],"wp:attachment":[{"href":"http:\/\/119.8.7.19\/masterprom\/wp-json\/wp\/v2\/media?parent=16471"}],"curies":[{"name":"wp","href":"https:\/\/api.w.org\/{rel}","templated":true}]}}