{"id":16440,"date":"2021-04-20T00:13:49","date_gmt":"2021-04-20T05:13:49","guid":{"rendered":"http:\/\/119.8.7.19\/masterprom\/producto\/bp258\/"},"modified":"2021-04-20T00:13:50","modified_gmt":"2021-04-20T05:13:50","slug":"bp258","status":"publish","type":"product","link":"http:\/\/119.8.7.19\/masterprom\/producto\/bp258\/","title":{"rendered":"BP258"},"content":{"rendered":"<p>Set bamb\u00fa &#8220;nagano, set de bol\u00edgrafo y lapicero. cuerpo de madera. clip met\u00e1lico. punta y pulsador pl\u00e1sticos. el bol\u00edgrafo tiene punta touch. caja de cart\u00f3n imitaci\u00f3n madera.<\/p>\n","protected":false},"excerpt":{"rendered":"<p>Set bamb\u00fa &#8220;nagano, set de bol\u00edgrafo y lapicero. cuerpo de madera. clip met\u00e1lico. punta y pulsador pl\u00e1sticos. el bol\u00edgrafo tiene punta touch. caja de cart\u00f3n imitaci\u00f3n madera.<\/p>\n","protected":false},"featured_media":0,"comment_status":"closed","ping_status":"open","template":"","meta":[],"class_list":["post-16440","product","type-product","status-publish","hentry","product_cat-boligrafos","product_cat-ecologicos","product_tag-cdo"],"_links":{"self":[{"href":"http:\/\/119.8.7.19\/masterprom\/wp-json\/wp\/v2\/product\/16440","targetHints":{"allow":["GET"]}}],"collection":[{"href":"http:\/\/119.8.7.19\/masterprom\/wp-json\/wp\/v2\/product"}],"about":[{"href":"http:\/\/119.8.7.19\/masterprom\/wp-json\/wp\/v2\/types\/product"}],"replies":[{"embeddable":true,"href":"http:\/\/119.8.7.19\/masterprom\/wp-json\/wp\/v2\/comments?post=16440"}],"wp:attachment":[{"href":"http:\/\/119.8.7.19\/masterprom\/wp-json\/wp\/v2\/media?parent=16440"}],"curies":[{"name":"wp","href":"https:\/\/api.w.org\/{rel}","templated":true}]}}