{"id":16432,"date":"2021-04-20T00:13:49","date_gmt":"2021-04-20T05:13:49","guid":{"rendered":"http:\/\/119.8.7.19\/masterprom\/producto\/hl-1100-2\/"},"modified":"2021-04-20T00:13:49","modified_gmt":"2021-04-20T05:13:49","slug":"hl-1100-2","status":"publish","type":"product","link":"http:\/\/119.8.7.19\/masterprom\/producto\/hl-1100-2\/","title":{"rendered":"HL-1100"},"content":{"rendered":"<p>Libreta joliet (100 hojas de raya. incluye notas adheribles en 5 colores, bol\u00edgrafo ecol\u00f3gico y espiral met\u00e1lico doble.)<\/p>\n","protected":false},"excerpt":{"rendered":"<p>Libreta joliet (100 hojas de raya. incluye notas adheribles en 5 colores, bol\u00edgrafo ecol\u00f3gico y espiral met\u00e1lico doble.)<\/p>\n","protected":false},"featured_media":0,"comment_status":"closed","ping_status":"open","template":"","meta":[],"class_list":["post-16432","product","type-product","status-publish","hentry","product_cat-ecologicos","product_cat-libretas-ecologicos","product_tag-promoopcion"],"_links":{"self":[{"href":"http:\/\/119.8.7.19\/masterprom\/wp-json\/wp\/v2\/product\/16432","targetHints":{"allow":["GET"]}}],"collection":[{"href":"http:\/\/119.8.7.19\/masterprom\/wp-json\/wp\/v2\/product"}],"about":[{"href":"http:\/\/119.8.7.19\/masterprom\/wp-json\/wp\/v2\/types\/product"}],"replies":[{"embeddable":true,"href":"http:\/\/119.8.7.19\/masterprom\/wp-json\/wp\/v2\/comments?post=16432"}],"wp:attachment":[{"href":"http:\/\/119.8.7.19\/masterprom\/wp-json\/wp\/v2\/media?parent=16432"}],"curies":[{"name":"wp","href":"https:\/\/api.w.org\/{rel}","templated":true}]}}