{"id":16410,"date":"2021-04-20T00:13:45","date_gmt":"2021-04-20T05:13:45","guid":{"rendered":"http:\/\/119.8.7.19\/masterprom\/producto\/lib-tre-2\/"},"modified":"2021-04-20T00:13:46","modified_gmt":"2021-04-20T05:13:46","slug":"lib-tre-2","status":"publish","type":"product","link":"http:\/\/119.8.7.19\/masterprom\/producto\/lib-tre-2\/","title":{"rendered":"LIB-TRE"},"content":{"rendered":"<p>Libreta 80 Hojas Raya. Cubierta de cart\u00f3n forrado con textura ultrasuave. Papel \u00f3ptico Silky proveniente de bosques sustentables. Cierre el\u00e1stico y separador de list\u00f3n en combinaci\u00f3n con la cubierta. Sobre de papel en contraportada. Cosida.<\/p>\n","protected":false},"excerpt":{"rendered":"<p>Libreta 80 Hojas Raya. Cubierta de cart\u00f3n forrado con textura ultrasuave. Papel \u00f3ptico Silky proveniente de bosques sustentables. Cierre el\u00e1stico y separador de list\u00f3n en combinaci\u00f3n con la cubierta. Sobre de papel en contraportada. Cosida.<\/p>\n","protected":false},"featured_media":0,"comment_status":"closed","ping_status":"open","template":"","meta":[],"class_list":["post-16410","product","type-product","status-publish","hentry","product_cat-ecologicos","product_cat-libretas-ecologicos","product_tag-g4"],"_links":{"self":[{"href":"http:\/\/119.8.7.19\/masterprom\/wp-json\/wp\/v2\/product\/16410","targetHints":{"allow":["GET"]}}],"collection":[{"href":"http:\/\/119.8.7.19\/masterprom\/wp-json\/wp\/v2\/product"}],"about":[{"href":"http:\/\/119.8.7.19\/masterprom\/wp-json\/wp\/v2\/types\/product"}],"replies":[{"embeddable":true,"href":"http:\/\/119.8.7.19\/masterprom\/wp-json\/wp\/v2\/comments?post=16410"}],"wp:attachment":[{"href":"http:\/\/119.8.7.19\/masterprom\/wp-json\/wp\/v2\/media?parent=16410"}],"curies":[{"name":"wp","href":"https:\/\/api.w.org\/{rel}","templated":true}]}}