{"id":16406,"date":"2021-04-20T00:13:42","date_gmt":"2021-04-20T05:13:42","guid":{"rendered":"http:\/\/119.8.7.19\/masterprom\/producto\/a2100-2\/"},"modified":"2021-04-20T00:13:45","modified_gmt":"2021-04-20T05:13:45","slug":"a2100-2","status":"publish","type":"product","link":"http:\/\/119.8.7.19\/masterprom\/producto\/a2100-2\/","title":{"rendered":"A2100"},"content":{"rendered":"<p>Libreta ecol\u00f3gica con espiral met\u00e1lico, broche magn\u00e9tico y protector de externos. Incluye 5 bandas adhesivas en colores diferentes y blocks de notas rectangulares en 2 tama\u00f1os. 70 Hojas rayadas y bol\u00edgrafo de papel con sujetador pl\u00e1stico<\/p>\n","protected":false},"excerpt":{"rendered":"<p>Libreta ecol\u00f3gica con espiral met\u00e1lico, broche magn\u00e9tico y protector de externos. Incluye 5 bandas adhesivas en colores diferentes y blocks de notas rectangulares en 2 tama\u00f1os. 70 Hojas rayadas y bol\u00edgrafo de papel con sujetador pl\u00e1stico<\/p>\n","protected":false},"featured_media":0,"comment_status":"closed","ping_status":"open","template":"","meta":[],"class_list":["post-16406","product","type-product","status-publish","hentry","product_cat-ecologicos","product_cat-libretas-ecologicos","product_tag-winideas"],"_links":{"self":[{"href":"http:\/\/119.8.7.19\/masterprom\/wp-json\/wp\/v2\/product\/16406","targetHints":{"allow":["GET"]}}],"collection":[{"href":"http:\/\/119.8.7.19\/masterprom\/wp-json\/wp\/v2\/product"}],"about":[{"href":"http:\/\/119.8.7.19\/masterprom\/wp-json\/wp\/v2\/types\/product"}],"replies":[{"embeddable":true,"href":"http:\/\/119.8.7.19\/masterprom\/wp-json\/wp\/v2\/comments?post=16406"}],"wp:attachment":[{"href":"http:\/\/119.8.7.19\/masterprom\/wp-json\/wp\/v2\/media?parent=16406"}],"curies":[{"name":"wp","href":"https:\/\/api.w.org\/{rel}","templated":true}]}}