{"id":16394,"date":"2021-04-20T00:13:42","date_gmt":"2021-04-20T05:13:42","guid":{"rendered":"http:\/\/119.8.7.19\/masterprom\/producto\/le-011-2\/"},"modified":"2021-04-22T11:03:57","modified_gmt":"2021-04-22T16:03:57","slug":"le-011-2","status":"publish","type":"product","link":"http:\/\/119.8.7.19\/masterprom\/producto\/le-011-2\/","title":{"rendered":"LE 011"},"content":{"rendered":"<p>Libreta ecol\u00f3gica de cart\u00f3n con espiral, cierre magn\u00e9tico. Incluye 5 l\u00edneas de banderas adhesivas y dos blocks de notas rectangulares, 70 hojas rayadas y bol\u00edgrafo ecol\u00f3gico de cart\u00f3n reciclado.<\/p>\n","protected":false},"excerpt":{"rendered":"<p>Libreta ecol\u00f3gica de cart\u00f3n con espiral, cierre magn\u00e9tico. Incluye 5 l\u00edneas de banderas adhesivas y dos blocks de notas rectangulares, 70 hojas rayadas y bol\u00edgrafo ecol\u00f3gico de cart\u00f3n reciclado.<\/p>\n","protected":false},"featured_media":19017,"comment_status":"closed","ping_status":"closed","template":"","meta":[],"class_list":["post-16394","product","type-product","status-publish","has-post-thumbnail","hentry","product_cat-ecologicos","product_cat-libretas-ecologicos","product_tag-4promotional"],"_links":{"self":[{"href":"http:\/\/119.8.7.19\/masterprom\/wp-json\/wp\/v2\/product\/16394","targetHints":{"allow":["GET"]}}],"collection":[{"href":"http:\/\/119.8.7.19\/masterprom\/wp-json\/wp\/v2\/product"}],"about":[{"href":"http:\/\/119.8.7.19\/masterprom\/wp-json\/wp\/v2\/types\/product"}],"replies":[{"embeddable":true,"href":"http:\/\/119.8.7.19\/masterprom\/wp-json\/wp\/v2\/comments?post=16394"}],"wp:featuredmedia":[{"embeddable":true,"href":"http:\/\/119.8.7.19\/masterprom\/wp-json\/wp\/v2\/media\/19017"}],"wp:attachment":[{"href":"http:\/\/119.8.7.19\/masterprom\/wp-json\/wp\/v2\/media?parent=16394"}],"curies":[{"name":"wp","href":"https:\/\/api.w.org\/{rel}","templated":true}]}}