{"id":16319,"date":"2021-04-20T00:09:03","date_gmt":"2021-04-20T05:09:03","guid":{"rendered":"http:\/\/119.8.7.19\/masterprom\/producto\/u315\/"},"modified":"2021-04-20T00:09:06","modified_gmt":"2021-04-20T05:09:06","slug":"u315","status":"publish","type":"product","link":"http:\/\/119.8.7.19\/masterprom\/producto\/u315\/","title":{"rendered":"U315"},"content":{"rendered":"<p>Paraguas &#8220;lambarda&#8221;  bast\u00f3n met\u00e1lico, varillas en fibra de vidrio, puntas met\u00e1licas y mango curvo de pl\u00e1stico. tiene un mecanismo de apertura de bot\u00f3n. con cierre de velcro.<\/p>\n","protected":false},"excerpt":{"rendered":"<p>Paraguas &#8220;lambarda&#8221;  bast\u00f3n met\u00e1lico, varillas en fibra de vidrio, puntas met\u00e1licas y mango curvo de pl\u00e1stico. tiene un mecanismo de apertura de bot\u00f3n. con cierre de velcro.999<\/p>\n","protected":false},"featured_media":0,"comment_status":"closed","ping_status":"open","template":"","meta":[],"class_list":["post-16319","product","type-product","status-publish","hentry","product_cat-clima","product_cat-paraguas","product_tag-cdo"],"_links":{"self":[{"href":"http:\/\/119.8.7.19\/masterprom\/wp-json\/wp\/v2\/product\/16319","targetHints":{"allow":["GET"]}}],"collection":[{"href":"http:\/\/119.8.7.19\/masterprom\/wp-json\/wp\/v2\/product"}],"about":[{"href":"http:\/\/119.8.7.19\/masterprom\/wp-json\/wp\/v2\/types\/product"}],"replies":[{"embeddable":true,"href":"http:\/\/119.8.7.19\/masterprom\/wp-json\/wp\/v2\/comments?post=16319"}],"wp:attachment":[{"href":"http:\/\/119.8.7.19\/masterprom\/wp-json\/wp\/v2\/media?parent=16319"}],"curies":[{"name":"wp","href":"https:\/\/api.w.org\/{rel}","templated":true}]}}