{"id":16317,"date":"2021-04-20T00:09:03","date_gmt":"2021-04-20T05:09:03","guid":{"rendered":"http:\/\/119.8.7.19\/masterprom\/producto\/u317\/"},"modified":"2021-04-20T00:09:05","modified_gmt":"2021-04-20T05:09:05","slug":"u317","status":"publish","type":"product","link":"http:\/\/119.8.7.19\/masterprom\/producto\/u317\/","title":{"rendered":"U317"},"content":{"rendered":"<p>Paraguas &#8220;cancan&#8221; paraguas autom\u00e1tico con sistema antiviento. eje de metal y varillas de fibra de vidrio de color, puntas met\u00e1licas, mango curvo de goma con bot\u00f3n de color, revestimiento de polyester pongee, cierre con correa de velcro.<\/p>\n","protected":false},"excerpt":{"rendered":"<p>Paraguas &#8220;cancan&#8221; paraguas autom\u00e1tico con sistema antiviento. eje de metal y varillas de fibra de vidrio de color, puntas met\u00e1licas, mango curvo de goma con bot\u00f3n de color, revestimiento de polyester pongee, cierre con correa de velcro.999<\/p>\n","protected":false},"featured_media":0,"comment_status":"closed","ping_status":"open","template":"","meta":[],"class_list":["post-16317","product","type-product","status-publish","hentry","product_cat-clima","product_cat-paraguas","product_tag-cdo"],"_links":{"self":[{"href":"http:\/\/119.8.7.19\/masterprom\/wp-json\/wp\/v2\/product\/16317","targetHints":{"allow":["GET"]}}],"collection":[{"href":"http:\/\/119.8.7.19\/masterprom\/wp-json\/wp\/v2\/product"}],"about":[{"href":"http:\/\/119.8.7.19\/masterprom\/wp-json\/wp\/v2\/types\/product"}],"replies":[{"embeddable":true,"href":"http:\/\/119.8.7.19\/masterprom\/wp-json\/wp\/v2\/comments?post=16317"}],"wp:attachment":[{"href":"http:\/\/119.8.7.19\/masterprom\/wp-json\/wp\/v2\/media?parent=16317"}],"curies":[{"name":"wp","href":"https:\/\/api.w.org\/{rel}","templated":true}]}}