{"id":16316,"date":"2021-04-20T00:09:03","date_gmt":"2021-04-20T05:09:03","guid":{"rendered":"http:\/\/119.8.7.19\/masterprom\/producto\/u319\/"},"modified":"2021-04-20T00:09:05","modified_gmt":"2021-04-20T05:09:05","slug":"u319","status":"publish","type":"product","link":"http:\/\/119.8.7.19\/masterprom\/producto\/u319\/","title":{"rendered":"U319"},"content":{"rendered":"<p>Paraguas &#8220;p\u00f3lux&#8221; paraguas autom\u00e1tico con sistema antiviento. eje met\u00e1lico y varillas de fibra de vidrio de color. mango de goma de color, contiene un bot\u00f3n que permite la apertura y cierre del paraguas. sujetador el\u00e1stico. funda de poli\u00e9ster con costura de color.  longitud del eje: 54.5 cm<\/p>\n","protected":false},"excerpt":{"rendered":"<p>Paraguas &#8220;p\u00f3lux&#8221; paraguas autom\u00e1tico con sistema antiviento. eje met\u00e1lico y varillas de fibra de vidrio de color. mango de goma de color, contiene un bot\u00f3n que permite la apertura y cierre del paraguas. sujetador el\u00e1stico. funda de poli\u00e9ster con costura de color.  longitud del eje: 54.5 cm999<\/p>\n","protected":false},"featured_media":0,"comment_status":"closed","ping_status":"open","template":"","meta":[],"class_list":["post-16316","product","type-product","status-publish","hentry","product_cat-clima","product_cat-paraguas","product_tag-cdo"],"_links":{"self":[{"href":"http:\/\/119.8.7.19\/masterprom\/wp-json\/wp\/v2\/product\/16316","targetHints":{"allow":["GET"]}}],"collection":[{"href":"http:\/\/119.8.7.19\/masterprom\/wp-json\/wp\/v2\/product"}],"about":[{"href":"http:\/\/119.8.7.19\/masterprom\/wp-json\/wp\/v2\/types\/product"}],"replies":[{"embeddable":true,"href":"http:\/\/119.8.7.19\/masterprom\/wp-json\/wp\/v2\/comments?post=16316"}],"wp:attachment":[{"href":"http:\/\/119.8.7.19\/masterprom\/wp-json\/wp\/v2\/media?parent=16316"}],"curies":[{"name":"wp","href":"https:\/\/api.w.org\/{rel}","templated":true}]}}