{"id":16315,"date":"2021-04-20T00:09:03","date_gmt":"2021-04-20T05:09:03","guid":{"rendered":"http:\/\/119.8.7.19\/masterprom\/producto\/u320\/"},"modified":"2021-04-20T00:09:05","modified_gmt":"2021-04-20T05:09:05","slug":"u320","status":"publish","type":"product","link":"http:\/\/119.8.7.19\/masterprom\/producto\/u320\/","title":{"rendered":"U320"},"content":{"rendered":"<p>Paraguas &#8220;picobello&#8221; bast\u00f3n de 3 piezas en metal, con varillas de metal, mango de pl\u00e1stico negro, funda de poli\u00e9ster, con cierre de velcro.<\/p>\n","protected":false},"excerpt":{"rendered":"<p>Paraguas &#8220;picobello&#8221; bast\u00f3n de 3 piezas en metal, con varillas de metal, mango de pl\u00e1stico negro, funda de poli\u00e9ster, con cierre de velcro.999<\/p>\n","protected":false},"featured_media":0,"comment_status":"closed","ping_status":"open","template":"","meta":[],"class_list":["post-16315","product","type-product","status-publish","hentry","product_cat-clima","product_cat-paraguas","product_tag-cdo"],"_links":{"self":[{"href":"http:\/\/119.8.7.19\/masterprom\/wp-json\/wp\/v2\/product\/16315","targetHints":{"allow":["GET"]}}],"collection":[{"href":"http:\/\/119.8.7.19\/masterprom\/wp-json\/wp\/v2\/product"}],"about":[{"href":"http:\/\/119.8.7.19\/masterprom\/wp-json\/wp\/v2\/types\/product"}],"replies":[{"embeddable":true,"href":"http:\/\/119.8.7.19\/masterprom\/wp-json\/wp\/v2\/comments?post=16315"}],"wp:attachment":[{"href":"http:\/\/119.8.7.19\/masterprom\/wp-json\/wp\/v2\/media?parent=16315"}],"curies":[{"name":"wp","href":"https:\/\/api.w.org\/{rel}","templated":true}]}}