{"id":16314,"date":"2021-04-20T00:09:03","date_gmt":"2021-04-20T05:09:03","guid":{"rendered":"http:\/\/119.8.7.19\/masterprom\/producto\/u321\/"},"modified":"2021-04-20T00:09:05","modified_gmt":"2021-04-20T05:09:05","slug":"u321","status":"publish","type":"product","link":"http:\/\/119.8.7.19\/masterprom\/producto\/u321\/","title":{"rendered":"U321"},"content":{"rendered":"<p>Paraguas &#8220;bora&#8221; bot\u00f3n autom\u00e1tico de apertura y cerrado, 3 varillas met\u00e1licas, mango recubierto de goma, en poli\u00e9ster-pongee con revestimiento especial hidr\u00f3fugo, cierre con velcro.<\/p>\n","protected":false},"excerpt":{"rendered":"<p>Paraguas &#8220;bora&#8221; bot\u00f3n autom\u00e1tico de apertura y cerrado, 3 varillas met\u00e1licas, mango recubierto de goma, en poli\u00e9ster-pongee con revestimiento especial hidr\u00f3fugo, cierre con velcro.999<\/p>\n","protected":false},"featured_media":0,"comment_status":"closed","ping_status":"open","template":"","meta":[],"class_list":["post-16314","product","type-product","status-publish","hentry","product_cat-clima","product_cat-paraguas","product_tag-cdo"],"_links":{"self":[{"href":"http:\/\/119.8.7.19\/masterprom\/wp-json\/wp\/v2\/product\/16314","targetHints":{"allow":["GET"]}}],"collection":[{"href":"http:\/\/119.8.7.19\/masterprom\/wp-json\/wp\/v2\/product"}],"about":[{"href":"http:\/\/119.8.7.19\/masterprom\/wp-json\/wp\/v2\/types\/product"}],"replies":[{"embeddable":true,"href":"http:\/\/119.8.7.19\/masterprom\/wp-json\/wp\/v2\/comments?post=16314"}],"wp:attachment":[{"href":"http:\/\/119.8.7.19\/masterprom\/wp-json\/wp\/v2\/media?parent=16314"}],"curies":[{"name":"wp","href":"https:\/\/api.w.org\/{rel}","templated":true}]}}