{"id":16285,"date":"2021-04-20T00:02:36","date_gmt":"2021-04-20T05:02:36","guid":{"rendered":"http:\/\/119.8.7.19\/masterprom\/producto\/bb36023\/"},"modified":"2021-04-20T00:02:38","modified_gmt":"2021-04-20T05:02:38","slug":"bb36023","status":"publish","type":"product","link":"http:\/\/119.8.7.19\/masterprom\/producto\/bb36023\/","title":{"rendered":"BB36023"},"content":{"rendered":"<p>Taza de cer\u00e1mica 440ml portia con dise\u00f1o cl\u00e1sico con una pared interna gris brillante y una apariencia externa mate.<\/p>\n","protected":false},"excerpt":{"rendered":"<p>Taza de cer\u00e1mica 440ml portia con dise\u00f1o cl\u00e1sico con una pared interna gris brillante y una apariencia externa mate.<\/p>\n","protected":false},"featured_media":0,"comment_status":"closed","ping_status":"open","template":"","meta":[],"class_list":["post-16285","product","type-product","status-publish","hentry","product_cat-bebidas","product_cat-tazas-y-tarros","product_tag-promoline"],"_links":{"self":[{"href":"http:\/\/119.8.7.19\/masterprom\/wp-json\/wp\/v2\/product\/16285","targetHints":{"allow":["GET"]}}],"collection":[{"href":"http:\/\/119.8.7.19\/masterprom\/wp-json\/wp\/v2\/product"}],"about":[{"href":"http:\/\/119.8.7.19\/masterprom\/wp-json\/wp\/v2\/types\/product"}],"replies":[{"embeddable":true,"href":"http:\/\/119.8.7.19\/masterprom\/wp-json\/wp\/v2\/comments?post=16285"}],"wp:attachment":[{"href":"http:\/\/119.8.7.19\/masterprom\/wp-json\/wp\/v2\/media?parent=16285"}],"curies":[{"name":"wp","href":"https:\/\/api.w.org\/{rel}","templated":true}]}}