{"id":16284,"date":"2021-04-20T00:02:36","date_gmt":"2021-04-20T05:02:36","guid":{"rendered":"http:\/\/119.8.7.19\/masterprom\/producto\/05-733\/"},"modified":"2021-04-20T00:02:38","modified_gmt":"2021-04-20T05:02:38","slug":"05-733","status":"publish","type":"product","link":"http:\/\/119.8.7.19\/masterprom\/producto\/05-733\/","title":{"rendered":"05-733"},"content":{"rendered":"<p>Spicy -Tarro mediano con tapa met\u00e1lica. Su tama\u00f1o le da la versatilidad para ser utilizado como especiero, para servir bebidas o como t\u00fa lo desees, cap. 110 mls.<\/p>\n","protected":false},"excerpt":{"rendered":"<p>Spicy -Tarro mediano con tapa met\u00e1lica. Su tama\u00f1o le da la versatilidad para ser utilizado como especiero, para servir bebidas o como t\u00fa lo desees, cap. 110 mls.<\/p>\n","protected":false},"featured_media":0,"comment_status":"closed","ping_status":"open","template":"","meta":[],"class_list":["post-16284","product","type-product","status-publish","hentry","product_cat-bebidas","product_cat-tazas-y-tarros","product_tag-blestar"],"_links":{"self":[{"href":"http:\/\/119.8.7.19\/masterprom\/wp-json\/wp\/v2\/product\/16284","targetHints":{"allow":["GET"]}}],"collection":[{"href":"http:\/\/119.8.7.19\/masterprom\/wp-json\/wp\/v2\/product"}],"about":[{"href":"http:\/\/119.8.7.19\/masterprom\/wp-json\/wp\/v2\/types\/product"}],"replies":[{"embeddable":true,"href":"http:\/\/119.8.7.19\/masterprom\/wp-json\/wp\/v2\/comments?post=16284"}],"wp:attachment":[{"href":"http:\/\/119.8.7.19\/masterprom\/wp-json\/wp\/v2\/media?parent=16284"}],"curies":[{"name":"wp","href":"https:\/\/api.w.org\/{rel}","templated":true}]}}