{"id":16278,"date":"2021-04-20T00:02:36","date_gmt":"2021-04-20T05:02:36","guid":{"rendered":"http:\/\/119.8.7.19\/masterprom\/producto\/taz-pre\/"},"modified":"2021-04-20T00:02:37","modified_gmt":"2021-04-20T05:02:37","slug":"taz-pre","status":"publish","type":"product","link":"http:\/\/119.8.7.19\/masterprom\/producto\/taz-pre\/","title":{"rendered":"TAZ-PRE"},"content":{"rendered":"<p>Taza de pl\u00e1stico 300 ml. Colores s\u00f3lidos y textura satinada, hecha en M\u00e9xico, lavar antes de usar.<\/p>\n","protected":false},"excerpt":{"rendered":"<p>Taza de pl\u00e1stico 300 ml. Colores s\u00f3lidos y textura satinada, hecha en M\u00e9xico, lavar antes de usar.<\/p>\n","protected":false},"featured_media":0,"comment_status":"closed","ping_status":"open","template":"","meta":[],"class_list":["post-16278","product","type-product","status-publish","hentry","product_cat-bebidas","product_cat-tazas-y-tarros","product_tag-g4"],"_links":{"self":[{"href":"http:\/\/119.8.7.19\/masterprom\/wp-json\/wp\/v2\/product\/16278","targetHints":{"allow":["GET"]}}],"collection":[{"href":"http:\/\/119.8.7.19\/masterprom\/wp-json\/wp\/v2\/product"}],"about":[{"href":"http:\/\/119.8.7.19\/masterprom\/wp-json\/wp\/v2\/types\/product"}],"replies":[{"embeddable":true,"href":"http:\/\/119.8.7.19\/masterprom\/wp-json\/wp\/v2\/comments?post=16278"}],"wp:attachment":[{"href":"http:\/\/119.8.7.19\/masterprom\/wp-json\/wp\/v2\/media?parent=16278"}],"curies":[{"name":"wp","href":"https:\/\/api.w.org\/{rel}","templated":true}]}}