{"id":16269,"date":"2021-04-20T00:02:33","date_gmt":"2021-04-20T05:02:33","guid":{"rendered":"http:\/\/119.8.7.19\/masterprom\/producto\/sbc1242\/"},"modified":"2021-04-20T00:02:35","modified_gmt":"2021-04-20T05:02:35","slug":"sbc1242","status":"publish","type":"product","link":"http:\/\/119.8.7.19\/masterprom\/producto\/sbc1242\/","title":{"rendered":"SBC1242"},"content":{"rendered":"<p>Set para caf\u00e9 o t\u00e9 con porta tazas de bamb\u00fa para 2 personas. Incluye caja y 6 pzas. Cap. 8 oz<\/p>\n","protected":false},"excerpt":{"rendered":"<p>Set para caf\u00e9 o t\u00e9 con porta tazas de bamb\u00fa para 2 personas. Incluye caja y 6 pzas. Cap. 8 oz<\/p>\n","protected":false},"featured_media":0,"comment_status":"closed","ping_status":"open","template":"","meta":[],"class_list":["post-16269","product","type-product","status-publish","hentry","product_cat-bebidas","product_cat-tazas-y-tarros","product_tag-winideas"],"_links":{"self":[{"href":"http:\/\/119.8.7.19\/masterprom\/wp-json\/wp\/v2\/product\/16269","targetHints":{"allow":["GET"]}}],"collection":[{"href":"http:\/\/119.8.7.19\/masterprom\/wp-json\/wp\/v2\/product"}],"about":[{"href":"http:\/\/119.8.7.19\/masterprom\/wp-json\/wp\/v2\/types\/product"}],"replies":[{"embeddable":true,"href":"http:\/\/119.8.7.19\/masterprom\/wp-json\/wp\/v2\/comments?post=16269"}],"wp:attachment":[{"href":"http:\/\/119.8.7.19\/masterprom\/wp-json\/wp\/v2\/media?parent=16269"}],"curies":[{"name":"wp","href":"https:\/\/api.w.org\/{rel}","templated":true}]}}