{"id":16268,"date":"2021-04-20T00:02:33","date_gmt":"2021-04-20T05:02:33","guid":{"rendered":"http:\/\/119.8.7.19\/masterprom\/producto\/a2274\/"},"modified":"2021-04-20T00:02:35","modified_gmt":"2021-04-20T05:02:35","slug":"a2274","status":"publish","type":"product","link":"http:\/\/119.8.7.19\/masterprom\/producto\/a2274\/","title":{"rendered":"A2274"},"content":{"rendered":"<p>Cl\u00e1sico juego de 2 tazas de caf\u00e9 o t\u00e9 con plato. Incluye: 4 piezas. CAP. por taza: 6 OZ. El fino detalle que nunca puede faltar en casa. Presentaci\u00f3n: caja en color blanco.MD\/TAZA \u00d8 8.7 x 7.7 cm MD\/PLATO \u00d8 16 cm<\/p>\n","protected":false},"excerpt":{"rendered":"<p>Cl\u00e1sico juego de 2 tazas de caf\u00e9 o t\u00e9 con plato. Incluye: 4 piezas. CAP. por taza: 6 OZ. El fino detalle que nunca puede faltar en casa. Presentaci\u00f3n: caja en color blanco.<\/p>\n","protected":false},"featured_media":0,"comment_status":"closed","ping_status":"open","template":"","meta":[],"class_list":["post-16268","product","type-product","status-publish","hentry","product_cat-bebidas","product_cat-tazas-y-tarros","product_tag-winideas"],"_links":{"self":[{"href":"http:\/\/119.8.7.19\/masterprom\/wp-json\/wp\/v2\/product\/16268","targetHints":{"allow":["GET"]}}],"collection":[{"href":"http:\/\/119.8.7.19\/masterprom\/wp-json\/wp\/v2\/product"}],"about":[{"href":"http:\/\/119.8.7.19\/masterprom\/wp-json\/wp\/v2\/types\/product"}],"replies":[{"embeddable":true,"href":"http:\/\/119.8.7.19\/masterprom\/wp-json\/wp\/v2\/comments?post=16268"}],"wp:attachment":[{"href":"http:\/\/119.8.7.19\/masterprom\/wp-json\/wp\/v2\/media?parent=16268"}],"curies":[{"name":"wp","href":"https:\/\/api.w.org\/{rel}","templated":true}]}}