{"id":16236,"date":"2021-04-20T00:02:30","date_gmt":"2021-04-20T05:02:30","guid":{"rendered":"http:\/\/119.8.7.19\/masterprom\/producto\/bb14019-2\/"},"modified":"2021-04-20T00:02:30","modified_gmt":"2021-04-20T05:02:30","slug":"bb14019-2","status":"publish","type":"product","link":"http:\/\/119.8.7.19\/masterprom\/producto\/bb14019-2\/","title":{"rendered":"BB14019"},"content":{"rendered":"<p>Vaso con construcci\u00f3n al vac\u00edo de acero inoxidable duradero de doble pared con aislamiento de cobre que permite que las bebidas permanezcan fr\u00edas durante 24 horas y al menos 8 horas para bebidas calientes. Para contenido de hasta 590 ml. El dise\u00f1o presenta el fondo giratorio y geom\u00e9trico.<\/p>\n","protected":false},"excerpt":{"rendered":"<p>Vaso con construcci\u00f3n al vac\u00edo de acero inoxidable duradero de doble pared con aislamiento de cobre que permite que las bebidas permanezcan fr\u00edas durante 24 horas y al menos 8 horas para bebidas calientes. Para contenido de hasta 590 ml. El dise\u00f1o presenta el fondo giratorio y geom\u00e9trico.<\/p>\n","protected":false},"featured_media":0,"comment_status":"closed","ping_status":"open","template":"","meta":[],"class_list":["post-16236","product","type-product","status-publish","hentry","product_cat-bebidas","product_cat-vasos","product_tag-promoline"],"_links":{"self":[{"href":"http:\/\/119.8.7.19\/masterprom\/wp-json\/wp\/v2\/product\/16236","targetHints":{"allow":["GET"]}}],"collection":[{"href":"http:\/\/119.8.7.19\/masterprom\/wp-json\/wp\/v2\/product"}],"about":[{"href":"http:\/\/119.8.7.19\/masterprom\/wp-json\/wp\/v2\/types\/product"}],"replies":[{"embeddable":true,"href":"http:\/\/119.8.7.19\/masterprom\/wp-json\/wp\/v2\/comments?post=16236"}],"wp:attachment":[{"href":"http:\/\/119.8.7.19\/masterprom\/wp-json\/wp\/v2\/media?parent=16236"}],"curies":[{"name":"wp","href":"https:\/\/api.w.org\/{rel}","templated":true}]}}