{"id":16235,"date":"2021-04-20T00:02:27","date_gmt":"2021-04-20T05:02:27","guid":{"rendered":"http:\/\/119.8.7.19\/masterprom\/producto\/coc023\/"},"modified":"2021-04-20T00:02:29","modified_gmt":"2021-04-20T05:02:29","slug":"coc023","status":"publish","type":"product","link":"http:\/\/119.8.7.19\/masterprom\/producto\/coc023\/","title":{"rendered":"COC023"},"content":{"rendered":"<p>Vaso reutilizable con dise\u00f1o \u00fanico. Hecho de pl\u00e1stico (libre de BPA) r\u00edgido de alta calidad, con tapa ergon\u00f3mica a presi\u00f3n, dise\u00f1ado para uso de microondas y lavavajillas. Puede ser reciclado y contribuye con el medio ambiente al ser reutilizable.<br \/>\nCapacidad: 450 ml\/15 Oz<\/p>\n","protected":false},"excerpt":{"rendered":"<p>Vaso reutilizable con dise\u00f1o \u00fanico. Hecho de pl\u00e1stico (libre de BPA) r\u00edgido de alta calidad, con tapa ergon\u00f3mica a presi\u00f3n, dise\u00f1ado para uso de microondas y lavavajillas. Puede ser reciclado y contribuye con el medio ambiente al ser reutilizable.<br \/>\nCapacidad: 450 ml\/15 Oz<\/p>\n","protected":false},"featured_media":0,"comment_status":"closed","ping_status":"open","template":"","meta":[],"class_list":["post-16235","product","type-product","status-publish","hentry","product_cat-bebidas","product_cat-vasos","product_tag-sunline"],"_links":{"self":[{"href":"http:\/\/119.8.7.19\/masterprom\/wp-json\/wp\/v2\/product\/16235","targetHints":{"allow":["GET"]}}],"collection":[{"href":"http:\/\/119.8.7.19\/masterprom\/wp-json\/wp\/v2\/product"}],"about":[{"href":"http:\/\/119.8.7.19\/masterprom\/wp-json\/wp\/v2\/types\/product"}],"replies":[{"embeddable":true,"href":"http:\/\/119.8.7.19\/masterprom\/wp-json\/wp\/v2\/comments?post=16235"}],"wp:attachment":[{"href":"http:\/\/119.8.7.19\/masterprom\/wp-json\/wp\/v2\/media?parent=16235"}],"curies":[{"name":"wp","href":"https:\/\/api.w.org\/{rel}","templated":true}]}}