{"id":16234,"date":"2021-04-20T00:02:27","date_gmt":"2021-04-20T05:02:27","guid":{"rendered":"http:\/\/119.8.7.19\/masterprom\/producto\/coc028\/"},"modified":"2021-04-20T00:02:29","modified_gmt":"2021-04-20T05:02:29","slug":"coc028","status":"publish","type":"product","link":"http:\/\/119.8.7.19\/masterprom\/producto\/coc028\/","title":{"rendered":"COC028"},"content":{"rendered":"<p>Vaso 100% ecol\u00f3gico para caf\u00e9, hecho de fibra de arroz natural. Tapa y manga de silic\u00f3n.  Capacidad 370 ml\/12 OzVaso: \u00d8 8 x 12 y manga: 12 x 5 cm<\/p>\n","protected":false},"excerpt":{"rendered":"<p>Vaso 100% ecol\u00f3gico para caf\u00e9, hecho de fibra de arroz natural. Tapa y manga de silic\u00f3n.  Capacidad 370 ml\/12 Oz<\/p>\n","protected":false},"featured_media":0,"comment_status":"closed","ping_status":"open","template":"","meta":[],"class_list":["post-16234","product","type-product","status-publish","hentry","product_cat-bebidas","product_cat-vasos","product_tag-sunline"],"_links":{"self":[{"href":"http:\/\/119.8.7.19\/masterprom\/wp-json\/wp\/v2\/product\/16234","targetHints":{"allow":["GET"]}}],"collection":[{"href":"http:\/\/119.8.7.19\/masterprom\/wp-json\/wp\/v2\/product"}],"about":[{"href":"http:\/\/119.8.7.19\/masterprom\/wp-json\/wp\/v2\/types\/product"}],"replies":[{"embeddable":true,"href":"http:\/\/119.8.7.19\/masterprom\/wp-json\/wp\/v2\/comments?post=16234"}],"wp:attachment":[{"href":"http:\/\/119.8.7.19\/masterprom\/wp-json\/wp\/v2\/media?parent=16234"}],"curies":[{"name":"wp","href":"https:\/\/api.w.org\/{rel}","templated":true}]}}