{"id":16226,"date":"2021-04-20T00:02:27","date_gmt":"2021-04-20T05:02:27","guid":{"rendered":"http:\/\/119.8.7.19\/masterprom\/producto\/vas-bis\/"},"modified":"2021-04-20T00:02:28","modified_gmt":"2021-04-20T05:02:28","slug":"vas-bis","status":"publish","type":"product","link":"http:\/\/119.8.7.19\/masterprom\/producto\/vas-bis\/","title":{"rendered":"VAS-BIS"},"content":{"rendered":"<p>Vaso T\u00e9rmico de acero Inoxidable 500 ml. Ahora con tapas de diferentes colores, e interior de pl\u00e1stico en combinaci\u00f3n con la tapa, cierre a presi\u00f3n y boquilla de seguridad, lavar antes de usar.<\/p>\n","protected":false},"excerpt":{"rendered":"<p>Vaso T\u00e9rmico de acero Inoxidable 500 ml. Ahora con tapas de diferentes colores, e interior de pl\u00e1stico en combinaci\u00f3n con la tapa, cierre a presi\u00f3n y boquilla de seguridad, lavar antes de usar.<\/p>\n","protected":false},"featured_media":0,"comment_status":"closed","ping_status":"open","template":"","meta":[],"class_list":["post-16226","product","type-product","status-publish","hentry","product_cat-bebidas","product_cat-vasos","product_tag-g4"],"_links":{"self":[{"href":"http:\/\/119.8.7.19\/masterprom\/wp-json\/wp\/v2\/product\/16226","targetHints":{"allow":["GET"]}}],"collection":[{"href":"http:\/\/119.8.7.19\/masterprom\/wp-json\/wp\/v2\/product"}],"about":[{"href":"http:\/\/119.8.7.19\/masterprom\/wp-json\/wp\/v2\/types\/product"}],"replies":[{"embeddable":true,"href":"http:\/\/119.8.7.19\/masterprom\/wp-json\/wp\/v2\/comments?post=16226"}],"wp:attachment":[{"href":"http:\/\/119.8.7.19\/masterprom\/wp-json\/wp\/v2\/media?parent=16226"}],"curies":[{"name":"wp","href":"https:\/\/api.w.org\/{rel}","templated":true}]}}