{"id":16223,"date":"2021-04-20T00:02:27","date_gmt":"2021-04-20T05:02:27","guid":{"rendered":"http:\/\/119.8.7.19\/masterprom\/producto\/a2341\/"},"modified":"2021-04-20T00:02:28","modified_gmt":"2021-04-20T05:02:28","slug":"a2341","status":"publish","type":"product","link":"http:\/\/119.8.7.19\/masterprom\/producto\/a2341\/","title":{"rendered":"A2341"},"content":{"rendered":"<p>Vaso de pl\u00e1stico con tapa de presi\u00f3n y popote. La tapa cuenta con un dise\u00f1o que simula olas. CAP. 470 ml.<\/p>\n","protected":false},"excerpt":{"rendered":"<p>Vaso de pl\u00e1stico con tapa de presi\u00f3n y popote. La tapa cuenta con un dise\u00f1o que simula olas. CAP. 470 ml.<\/p>\n","protected":false},"featured_media":0,"comment_status":"closed","ping_status":"open","template":"","meta":[],"class_list":["post-16223","product","type-product","status-publish","hentry","product_cat-bebidas","product_cat-vasos","product_tag-winideas"],"_links":{"self":[{"href":"http:\/\/119.8.7.19\/masterprom\/wp-json\/wp\/v2\/product\/16223","targetHints":{"allow":["GET"]}}],"collection":[{"href":"http:\/\/119.8.7.19\/masterprom\/wp-json\/wp\/v2\/product"}],"about":[{"href":"http:\/\/119.8.7.19\/masterprom\/wp-json\/wp\/v2\/types\/product"}],"replies":[{"embeddable":true,"href":"http:\/\/119.8.7.19\/masterprom\/wp-json\/wp\/v2\/comments?post=16223"}],"wp:attachment":[{"href":"http:\/\/119.8.7.19\/masterprom\/wp-json\/wp\/v2\/media?parent=16223"}],"curies":[{"name":"wp","href":"https:\/\/api.w.org\/{rel}","templated":true}]}}