{"id":16220,"date":"2021-04-20T00:02:27","date_gmt":"2021-04-20T05:02:27","guid":{"rendered":"http:\/\/119.8.7.19\/masterprom\/producto\/a2234\/"},"modified":"2021-04-20T00:02:27","modified_gmt":"2021-04-20T05:02:27","slug":"a2234","status":"publish","type":"product","link":"http:\/\/119.8.7.19\/masterprom\/producto\/a2234\/","title":{"rendered":"A2234"},"content":{"rendered":"<p>Vaso de pared sencilla con tapa de rosca de pl\u00e1stico r\u00edgido. Ideal para m\u00e1quina de caf\u00e9 de c\u00e1psulas. No usar en microondas ni lavavaji<\/p>\n","protected":false},"excerpt":{"rendered":"<p>Vaso de pared sencilla con tapa de rosca de pl\u00e1stico r\u00edgido. Ideal para m\u00e1quina de caf\u00e9 de c\u00e1psulas. No usar en microondas ni lavavaji<\/p>\n","protected":false},"featured_media":0,"comment_status":"closed","ping_status":"open","template":"","meta":[],"class_list":["post-16220","product","type-product","status-publish","hentry","product_cat-bebidas","product_cat-vasos","product_tag-winideas"],"_links":{"self":[{"href":"http:\/\/119.8.7.19\/masterprom\/wp-json\/wp\/v2\/product\/16220","targetHints":{"allow":["GET"]}}],"collection":[{"href":"http:\/\/119.8.7.19\/masterprom\/wp-json\/wp\/v2\/product"}],"about":[{"href":"http:\/\/119.8.7.19\/masterprom\/wp-json\/wp\/v2\/types\/product"}],"replies":[{"embeddable":true,"href":"http:\/\/119.8.7.19\/masterprom\/wp-json\/wp\/v2\/comments?post=16220"}],"wp:attachment":[{"href":"http:\/\/119.8.7.19\/masterprom\/wp-json\/wp\/v2\/media?parent=16220"}],"curies":[{"name":"wp","href":"https:\/\/api.w.org\/{rel}","templated":true}]}}