{"id":16218,"date":"2021-04-20T00:02:24","date_gmt":"2021-04-20T05:02:24","guid":{"rendered":"http:\/\/119.8.7.19\/masterprom\/producto\/a2349\/"},"modified":"2021-04-20T00:02:26","modified_gmt":"2021-04-20T05:02:26","slug":"a2349","status":"publish","type":"product","link":"http:\/\/119.8.7.19\/masterprom\/producto\/a2349\/","title":{"rendered":"A2349"},"content":{"rendered":"<p>Vaso t\u00e9rmico de pl\u00e1stico transparente de doble pared con vistoso dise\u00f1o de figuras en curvas libres. Ideal para tomar bebidas calientes o fr\u00edas. Con tapa de rosca de pl\u00e1stico r\u00edgido y tap\u00f3n deslizable. CAP. 480 ml. Presentaci\u00f3n: caja en color blanco. *BPA FREE.<\/p>\n","protected":false},"excerpt":{"rendered":"<p>Vaso t\u00e9rmico de pl\u00e1stico transparente de doble pared con vistoso dise\u00f1o de figuras en curvas libres. Ideal para tomar bebidas calientes o fr\u00edas. Con tapa de rosca de pl\u00e1stico r\u00edgido y tap\u00f3n deslizable. CAP. 480 ml. Presentaci\u00f3n: caja en color blanco. *BPA FREE.<\/p>\n","protected":false},"featured_media":0,"comment_status":"closed","ping_status":"open","template":"","meta":[],"class_list":["post-16218","product","type-product","status-publish","hentry","product_cat-bebidas","product_cat-vasos","product_tag-winideas"],"_links":{"self":[{"href":"http:\/\/119.8.7.19\/masterprom\/wp-json\/wp\/v2\/product\/16218","targetHints":{"allow":["GET"]}}],"collection":[{"href":"http:\/\/119.8.7.19\/masterprom\/wp-json\/wp\/v2\/product"}],"about":[{"href":"http:\/\/119.8.7.19\/masterprom\/wp-json\/wp\/v2\/types\/product"}],"replies":[{"embeddable":true,"href":"http:\/\/119.8.7.19\/masterprom\/wp-json\/wp\/v2\/comments?post=16218"}],"wp:attachment":[{"href":"http:\/\/119.8.7.19\/masterprom\/wp-json\/wp\/v2\/media?parent=16218"}],"curies":[{"name":"wp","href":"https:\/\/api.w.org\/{rel}","templated":true}]}}