{"id":16217,"date":"2021-04-20T00:02:24","date_gmt":"2021-04-20T05:02:24","guid":{"rendered":"http:\/\/119.8.7.19\/masterprom\/producto\/a2142\/"},"modified":"2021-04-20T00:02:26","modified_gmt":"2021-04-20T05:02:26","slug":"a2142","status":"publish","type":"product","link":"http:\/\/119.8.7.19\/masterprom\/producto\/a2142\/","title":{"rendered":"A2142"},"content":{"rendered":"<p>Pr\u00e1ctico vaso transparente, con asa y tapa herm\u00e9tica de color. Incluye popote r\u00edgido. CAP. 600 ml. *BPA FREE<\/p>\n","protected":false},"excerpt":{"rendered":"<p>Pr\u00e1ctico vaso transparente, con asa y tapa herm\u00e9tica de color. Incluye popote r\u00edgido. CAP. 600 ml. *BPA FREE<\/p>\n","protected":false},"featured_media":0,"comment_status":"closed","ping_status":"open","template":"","meta":[],"class_list":["post-16217","product","type-product","status-publish","hentry","product_cat-bebidas","product_cat-vasos","product_tag-winideas"],"_links":{"self":[{"href":"http:\/\/119.8.7.19\/masterprom\/wp-json\/wp\/v2\/product\/16217","targetHints":{"allow":["GET"]}}],"collection":[{"href":"http:\/\/119.8.7.19\/masterprom\/wp-json\/wp\/v2\/product"}],"about":[{"href":"http:\/\/119.8.7.19\/masterprom\/wp-json\/wp\/v2\/types\/product"}],"replies":[{"embeddable":true,"href":"http:\/\/119.8.7.19\/masterprom\/wp-json\/wp\/v2\/comments?post=16217"}],"wp:attachment":[{"href":"http:\/\/119.8.7.19\/masterprom\/wp-json\/wp\/v2\/media?parent=16217"}],"curies":[{"name":"wp","href":"https:\/\/api.w.org\/{rel}","templated":true}]}}