{"id":16196,"date":"2021-04-20T00:02:21","date_gmt":"2021-04-20T05:02:21","guid":{"rendered":"http:\/\/119.8.7.19\/masterprom\/producto\/tmps-36\/"},"modified":"2021-04-20T00:02:23","modified_gmt":"2021-04-20T05:02:23","slug":"tmps-36","status":"publish","type":"product","link":"http:\/\/119.8.7.19\/masterprom\/producto\/tmps-36\/","title":{"rendered":"TMPS 36"},"content":{"rendered":"<p>Termo Vitali (doble pared con agarradera de silic\u00f3n. incluye chup\u00f3n de succi\u00f3n que permite la fijaci\u00f3n a la superficie evitando el derrame por accidente. incluye v\u00e1lvula de seguridad. ) Cap. 425 ml<\/p>\n","protected":false},"excerpt":{"rendered":"<p>Termo Vitali (doble pared con agarradera de silic\u00f3n. incluye chup\u00f3n de succi\u00f3n que permite la fijaci\u00f3n a la superficie evitando el derrame por accidente. incluye v\u00e1lvula de seguridad. ) Cap. 425 ml<\/p>\n","protected":false},"featured_media":0,"comment_status":"closed","ping_status":"open","template":"","meta":[],"class_list":["post-16196","product","type-product","status-publish","hentry","product_cat-bebidas","product_cat-termos","product_tag-promoopcion"],"_links":{"self":[{"href":"http:\/\/119.8.7.19\/masterprom\/wp-json\/wp\/v2\/product\/16196","targetHints":{"allow":["GET"]}}],"collection":[{"href":"http:\/\/119.8.7.19\/masterprom\/wp-json\/wp\/v2\/product"}],"about":[{"href":"http:\/\/119.8.7.19\/masterprom\/wp-json\/wp\/v2\/types\/product"}],"replies":[{"embeddable":true,"href":"http:\/\/119.8.7.19\/masterprom\/wp-json\/wp\/v2\/comments?post=16196"}],"wp:attachment":[{"href":"http:\/\/119.8.7.19\/masterprom\/wp-json\/wp\/v2\/media?parent=16196"}],"curies":[{"name":"wp","href":"https:\/\/api.w.org\/{rel}","templated":true}]}}